{"id":735,"date":"2017-06-08T10:35:05","date_gmt":"2017-06-08T10:35:05","guid":{"rendered":"http:\/\/findme.elated-themes.com\/?page_id=735"},"modified":"2022-05-16T15:23:54","modified_gmt":"2022-05-16T18:23:54","slug":"habilidades-interpessoais","status":"publish","type":"page","link":"https:\/\/maiscomunidade.vc\/plataforma\/habilidades-interpessoais\/","title":{"rendered":"Jornada de Lideran\u00e7as | Habilidades Interpessoais"},"content":{"rendered":"<p>[vc_row content_placement=&#8221;middle&#8221; parallax=&#8221;content-moving&#8221; parallax_image=&#8221;4585&#8243; content_text_aligment=&#8221;center&#8221; css=&#8221;.vc_custom_1650537295074{background-color: #eeee22 !important;}&#8221;][vc_column]<div class=\"eltd-parallax-holder eltd-vertical-middle-align eltd-disabled-parallax-on-touch\" data-parallax-speed=\"1\" style=\"background-image: url(https:\/\/maiscomunidade.vc\/plataforma\/wp-content\/uploads\/2022\/04\/Pec\u0327a-Gra\u0301fica-Encontro-1-2.jpg);min-height: 400px;height: 400px\">\n\t<div class=\"eltd-parallax-inner\">\n\t\t[vc_row_inner content_placement=&#8221;middle&#8221; content_text_aligment=&#8221;center&#8221; css=&#8221;.vc_custom_1650535604128{padding-top: 203px !important;padding-bottom: 250px !important;}&#8221;][vc_column_inner css=&#8221;.vc_custom_1650535078704{padding-right: 20px !important;padding-left: 20px !important;}&#8221;][vc_column_text]<span style=\"color: #ffffff; font-size: 70px; font-weight: 400; line-height: 70px;\">Habilidades Interpessoais<\/span>[\/vc_column_text][vc_column_text]<\/p>\n<h4><span style=\"color: #ffffff;\">Conciliar interesses individuais e coletivos<\/span><\/h4>\n<p>[\/vc_column_text][\/vc_column_inner][\/vc_row_inner]\t<\/div>\n<\/div>\n[\/vc_column][\/vc_row][vc_row content_placement=&#8221;middle&#8221; row_content_width=&#8221;grid&#8221; content_text_aligment=&#8221;center&#8221; css=&#8221;.vc_custom_1650535383585{margin-top: -150px !important;padding-bottom: 78px !important;}&#8221;][vc_column width=&#8221;1\/2&#8243;][vc_empty_space height=&#8221;25px&#8221;]<a itemprop=\"url\" href=\"#encontro01\" target=\"_self\" style=\"text-align: center\" class=\"eltd-btn eltd-btn-medium eltd-btn-solid eltd-btn-custom-hover-bg eltd-btn-custom-hover-color\" data-hover-color=\"#00867c\" data-hover-bg-color=\"#ebe838\" >\n    <span class=\"eltd-btn-text\"  >\n        Acessar o Encontro    <\/span>\n\t<\/a>[\/vc_column][vc_column width=&#8221;1\/2&#8243;][vc_empty_space height=&#8221;25px&#8221;]<a itemprop=\"url\" href=\"https:\/\/maiscomunidade.vc\/plataforma\/?smd_process_download=1&#038;download_id=4703\" target=\"_self\" style=\"text-align: center\" class=\"eltd-btn eltd-btn-medium eltd-btn-solid eltd-btn-custom-hover-bg eltd-btn-custom-hover-color\" data-hover-color=\"#00867c\" data-hover-bg-color=\"#ebe838\" >\n    <span class=\"eltd-btn-text\"  >\n        Baixar conte\u00fado    <\/span>\n\t<\/a>[\/vc_column][\/vc_row][vc_row css=&#8221;.vc_custom_1650536851257{padding-right: 20px !important;padding-bottom: 112px !important;padding-left: 20px !important;background-image: url(https:\/\/maiscomunidade.vc\/plataforma\/wp-content\/uploads\/2022\/04\/fundo.jpg?id=4557) !important;background-position: center !important;background-repeat: no-repeat !important;background-size: cover !important;}&#8221;][vc_column width=&#8221;1\/6&#8243;][\/vc_column][vc_column width=&#8221;2\/3&#8243;][vc_empty_space height=&#8221;50px&#8221;]<div class=\"eltd-section-title-holder\" style=\"text-align: center\">\n\t\t\t<h1 class=\"eltd-st-title\" style=\"color: #ffffff\">\n\n            <span class=\"eltd-section-title-inner-wrapper\">\n\n                Primeira Parada\n            <\/span>\n\n\n\t\t<\/h1>\n\t\n\t\n<\/div>\n[vc_empty_space height=&#8221;25px&#8221;][vc_column_text]<\/p>\n<p class=\"vc_custom_heading\"><span style=\"font-size: 14pt; color: #ffffff;\">Este \u00e9 o primeiro encontro da nossa Jornada e estamos muito felizes em te ver por aqui!<br \/>\n<\/span><br \/>\n<span style=\"font-size: 14pt; color: #ffffff;\">Para come\u00e7ar, vamos falar sobre temas que t\u00eam a ver com todo mundo: como nos relacionamos com os outros.<\/span><br \/>\n<span style=\"font-size: 14pt; color: #ffffff;\"><br \/>\nIsso porque, assim como \u00e9 importante saber lidar com o outro, conhecer a si mesmo \u00e9 essencial para a tomada de decis\u00f5es conscientes, gerenciamento de conflitos, conv\u00edvio em sociedade, entre outros in\u00fameros benef\u00edcios.<\/span><br \/>\n<span style=\"font-size: 14pt; color: #ffffff;\"><br \/>\n<strong>Por isso, nessa Parada, vamos falar de:<\/strong><\/span><\/p>\n<p class=\"vc_custom_heading\" style=\"padding-left: 40px;\"><span style=\"font-size: 14pt; color: #ffffff;\">&#8211; Intelig\u00eancia Emocional e como ela torna mais f\u00e1cil a resolu\u00e7\u00e3o de obst\u00e1culos e poss\u00edveis conflitos do dia a dia;<\/span><br \/>\n<span style=\"font-size: 14pt; color: #ffffff;\">&#8211; A import\u00e2ncia da Empatia para o ambiente colaborativo e comunit\u00e1rio;<\/span><br \/>\n<span style=\"font-size: 14pt; color: #ffffff;\">&#8211; Como usar a comunica\u00e7\u00e3o n\u00e3o violenta no nosso dia a dia;<\/span><br \/>\n<span style=\"font-size: 14pt; color: #ffffff;\">&#8211; Como melhorar sua atua\u00e7\u00e3o como l\u00edder comunit\u00e1rio, e muito mais!<\/span><\/p>\n<p class=\"vc_custom_heading\"><span style=\"color: #ffffff;\"><strong><span style=\"font-size: 14pt;\">Ser\u00e1 um momento de muita troca e aprendizado, e voc\u00ea n\u00e3o pode ficar de fora dessa.<\/span><\/strong><\/span><\/p>\n<p>[\/vc_column_text][\/vc_column][vc_column width=&#8221;1\/6&#8243;][\/vc_column][\/vc_row][vc_row css=&#8221;.vc_custom_1652712360134{padding-right: 20px !important;padding-left: 20px !important;background-color: #eeee22 !important;}&#8221; el_id=&#8221;encontro01&#8243;][vc_column][vc_empty_space height=&#8221;50px&#8221;]<div class=\"eltd-section-title-holder\" style=\"text-align: center\">\n\t\t\t<h1 class=\"eltd-st-title\" style=\"color: #2a2a2a\">\n\n            <span class=\"eltd-section-title-inner-wrapper\">\n\n                Programa\u00e7\u00e3o &amp; Participantes\n            <\/span>\n\n\n\t\t<\/h1>\n\t\n\t\n<\/div>\n[vc_empty_space height=&#8221;25px&#8221;][vc_tta_tour style=&#8221;modern&#8221; active_section=&#8221;1&#8243;][vc_tta_section i_icon_fontawesome=&#8221;far fa-play-circle&#8221; add_icon=&#8221;true&#8221; title=&#8221;Encontro Virtual 1 | Dia 26 de abril (Grande Vit\u00f3ria \u00e0 Tumiritinga)&#8221; tab_id=&#8221;1650474871244-787cefb0-778f&#8221;][vc_video link=&#8221;https:\/\/youtu.be\/uhBdd6oASFQ&#8221;][\/vc_tta_section][vc_tta_section i_icon_fontawesome=&#8221;far fa-play-circle&#8221; add_icon=&#8221;true&#8221; title=&#8221;Encontro Virtual 1 | Dia 27 de abril (Gov. Valadares a Jo\u00e3o Monlevade)&#8221; tab_id=&#8221;1650531547283-d0556c04-d49a&#8221;][vc_video link=&#8221;https:\/\/youtu.be\/LoolYcCp8RM&#8221;][\/vc_tta_section][vc_tta_section i_icon_fontawesome=&#8221;far fa-play-circle&#8221; add_icon=&#8221;true&#8221; title=&#8221;Encontro Virtual 1 | Dia 28 de abril (Vit\u00f3ria e Vila Velha)&#8221; tab_id=&#8221;1650531545426-7ed428f6-76c7&#8243;][vc_video link=&#8221;https:\/\/youtu.be\/NjRa0F_VswI&#8221;][\/vc_tta_section][\/vc_tta_tour][\/vc_column][\/vc_row][vc_row css=&#8221;.vc_custom_1652725340849{background: #d97933 url(https:\/\/maiscomunidade.vc\/plataforma\/wp-content\/uploads\/2022\/05\/Captura-de-Tela-2022-05-16-a\u0300s-15.19.24.png?id=4714) !important;}&#8221;][vc_column][vc_empty_space height=&#8221;20px&#8221;][vc_custom_heading text=&#8221;Dicas para nosso Encontro Virtual&#8221; font_container=&#8221;tag:h1|text_align:center|color:%23ffffff&#8221; google_fonts=&#8221;font_family:pmn-caecilia-roman%3Aregular|font_style:400%20regular%3A400%3Anormal&#8221;][\/vc_column][\/vc_row][vc_row css=&#8221;.vc_custom_1652725202391{padding-right: 20px !important;padding-left: 20px !important;background: #d97933 url(https:\/\/maiscomunidade.vc\/plataforma\/wp-content\/uploads\/2022\/05\/Captura-de-Tela-2022-05-16-a\u0300s-15.19.24.png?id=4714) !important;background-position: center !important;background-repeat: no-repeat !important;background-size: cover !important;}&#8221;][vc_column width=&#8221;1\/3&#8243;][vc_empty_space height=&#8221;50px&#8221;]<div class=\"eltd-iwt clearfix eltd-iwt-icon-top-hover eltd-iwt-icon-large\">\n    <div class=\"eltd-iwt-icon icon-hover\">\n                                        <span class=\"eltd-icon-shortcode eltd-normal eltd-icon-large\"             data-hover-color=\"#dd8500\" data-color=\"#ffffff\">                <i class=\"eltd-icon-font-awesome fa fa-clock-o eltd-icon-element\" style=\"color: #ffffff\" ><\/i>            <\/span>                            <\/div>\n    <div class=\"eltd-iwt-content\" >\n                <h4 class=\"eltd-iwt-title\" style=\"color: #ffffff\">\n                    <span class=\"eltd-iwt-title-text\">Antes do Encontro Virtual<\/span>\n                <\/h4>\n                <p class=\"eltd-iwt-text\" style=\"color: #ffffff\">Separe um lugar bem confort\u00e1vel e iluminado da sua casa;<br \/>\nAcompanhe o evento pelo computador para uma melhor experi\u00eancia;<br \/>\nUse fones de ouvido para n\u00e3o deixar nenhuma informa\u00e7\u00e3o passar despercebida;<br \/>\nDesligue ou coloque o celular no modo silencioso para n\u00e3o se desconcentrar;<\/p>\n        <\/div>\n<\/div>[\/vc_column][vc_column width=&#8221;1\/3&#8243;][vc_empty_space height=&#8221;50px&#8221;]<div class=\"eltd-iwt clearfix eltd-iwt-icon-top-hover eltd-iwt-icon-large\">\n    <div class=\"eltd-iwt-icon icon-hover\">\n                                        <span class=\"eltd-icon-shortcode eltd-normal eltd-icon-large\"             data-hover-color=\"#ffffff\" data-color=\"#ffffff\">                <i class=\"eltd-icon-font-awesome fa fa-sign-in eltd-icon-element\" style=\"color: #ffffff\" ><\/i>            <\/span>                            <\/div>\n    <div class=\"eltd-iwt-content\" >\n                <h4 class=\"eltd-iwt-title\" style=\"color: #ffffff\">\n                    <span class=\"eltd-iwt-title-text\">Durante o Encontro Virtual<\/span>\n                <\/h4>\n                <p class=\"eltd-iwt-text\" style=\"color: #ffffff\">N\u00e3o esque\u00e7a da sua garrafa d'\u00e1gua para manter a hidrata\u00e7\u00e3o em dia.<br \/>\nMantenha seu Kit do Participante, com os materiais, por perto.<\/p>\n        <\/div>\n<\/div>[\/vc_column][vc_column width=&#8221;1\/3&#8243;][vc_empty_space height=&#8221;50px&#8221;]<div class=\"eltd-iwt clearfix eltd-iwt-icon-top-hover eltd-iwt-icon-medium\">\n    <div class=\"eltd-iwt-icon icon-hover\">\n                                        <span class=\"eltd-icon-shortcode eltd-normal eltd-icon-medium\"             data-hover-color=\"#dd8500\" data-color=\"#ffffff\">                <i class=\"eltd-icon-font-awesome fa fa-download eltd-icon-element\" style=\"color: #ffffff\" ><\/i>            <\/span>                            <\/div>\n    <div class=\"eltd-iwt-content\" >\n                <h4 class=\"eltd-iwt-title\" style=\"color: #ffffff\">\n                    <span class=\"eltd-iwt-title-text\">Ap\u00f3s o Encontro Virtual<\/span>\n                <\/h4>\n                <p class=\"eltd-iwt-text\" style=\"color: #ffffff\">Responda o formul\u00e1rio de avalia\u00e7\u00e3o e conte para a gente o que voc\u00ea achou;<br \/>\nBaixe o material pedag\u00f3gico dispon\u00edvel para aprofundar seus conhecimentos;<br \/>\nFoque em ser a melhor lideran\u00e7a que voc\u00ea \u00e9 capaz de ser!<\/p>\n        <\/div>\n<\/div>[\/vc_column][\/vc_row]<\/p>\n","protected":false},"excerpt":{"rendered":"<p>[vc_row content_placement=&#8221;middle&#8221; parallax=&#8221;content-moving&#8221; parallax_image=&#8221;4585&#8243; content_text_aligment=&#8221;center&#8221; css=&#8221;.vc_custom_1650537295074{background-color: #eeee22 !important;}&#8221;][vc_column][\/vc_column][\/vc_row][vc_row content_placement=&#8221;middle&#8221; row_content_width=&#8221;grid&#8221; content_text_aligment=&#8221;center&#8221; css=&#8221;.vc_custom_1650535383585{margin-top: -150px !important;padding-bottom: 78px !important;}&#8221;][vc_column width=&#8221;1\/2&#8243;][vc_empty_space height=&#8221;25px&#8221;][\/vc_column][vc_column width=&#8221;1\/2&#8243;][vc_empty_space height=&#8221;25px&#8221;][\/vc_column][\/vc_row][vc_row css=&#8221;.vc_custom_1650536851257{padding-right: 20px !important;padding-bottom: 112px !important;padding-left: 20px !important;background-image: url(https:\/\/maiscomunidade.vc\/plataforma\/wp-content\/uploads\/2022\/04\/fundo.jpg?id=4557) !important;background-position: center !important;background-repeat: no-repeat !important;background-size: cover !important;}&#8221;][vc_column width=&#8221;1\/6&#8243;][\/vc_column][vc_column width=&#8221;2\/3&#8243;][vc_empty_space height=&#8221;50px&#8221;][vc_empty_space height=&#8221;25px&#8221;][vc_column_text] Este [&hellip;]<\/p>\n","protected":false},"author":1,"featured_media":0,"parent":0,"menu_order":0,"comment_status":"closed","ping_status":"closed","template":"full-width.php","meta":[],"_links":{"self":[{"href":"https:\/\/maiscomunidade.vc\/plataforma\/wp-json\/wp\/v2\/pages\/735"}],"collection":[{"href":"https:\/\/maiscomunidade.vc\/plataforma\/wp-json\/wp\/v2\/pages"}],"about":[{"href":"https:\/\/maiscomunidade.vc\/plataforma\/wp-json\/wp\/v2\/types\/page"}],"author":[{"embeddable":true,"href":"https:\/\/maiscomunidade.vc\/plataforma\/wp-json\/wp\/v2\/users\/1"}],"replies":[{"embeddable":true,"href":"https:\/\/maiscomunidade.vc\/plataforma\/wp-json\/wp\/v2\/comments?post=735"}],"version-history":[{"count":60,"href":"https:\/\/maiscomunidade.vc\/plataforma\/wp-json\/wp\/v2\/pages\/735\/revisions"}],"predecessor-version":[{"id":4711,"href":"https:\/\/maiscomunidade.vc\/plataforma\/wp-json\/wp\/v2\/pages\/735\/revisions\/4711"}],"wp:attachment":[{"href":"https:\/\/maiscomunidade.vc\/plataforma\/wp-json\/wp\/v2\/media?parent=735"}],"curies":[{"name":"wp","href":"https:\/\/api.w.org\/{rel}","templated":true}]}}