{"id":621,"date":"2017-06-08T08:00:32","date_gmt":"2017-06-08T08:00:32","guid":{"rendered":"http:\/\/findme.elated-themes.com\/?page_id=621"},"modified":"2021-12-06T11:34:09","modified_gmt":"2021-12-06T14:34:09","slug":"jornada","status":"publish","type":"page","link":"https:\/\/maiscomunidade.vc\/plataforma\/jornada\/","title":{"rendered":"A Jornada"},"content":{"rendered":"<p>[vc_row parallax=&#8221;content-moving&#8221; parallax_image=&#8221;3451&#8243; content_text_aligment=&#8221;center&#8221;][vc_column]<div class=\"eltd-parallax-holder eltd-vertical-middle-align eltd-disabled-parallax-on-touch\" data-parallax-speed=\"1\" style=\"background-image: url(https:\/\/maiscomunidade.vc\/plataforma\/wp-content\/uploads\/2021\/11\/fotoca14.jpg);min-height: 400px;height: 400px\">\n\t<div class=\"eltd-parallax-inner\">\n\t\t[vc_row_inner css=&#8221;.vc_custom_1499346351362{padding-top: 10% !important;padding-bottom: 5.2% !important;}&#8221;][vc_column_inner]<h2 class=\"eltd-custom-font-holder  eltd-cf-3277\" style=\"font-family: Quentin;font-size: 110px;line-height: 110px;text-align: center;color: #ffffff\" data-item-class=\"eltd-cf-3277\" data-font-size-1280=\"100px\" data-font-size-1024=\"90px\" data-font-size-768=\"90px\" data-font-size-680=\"50px\" data-line-height-1280=\"110px\" data-line-height-1024=\"100px\" data-line-height-768=\"110px\" data-line-height-680=\"70px\">\n\tJornada de Lideran\u00e7as<\/h2>[\/vc_column_inner][\/vc_row_inner]\t<\/div>\n<\/div>\n[\/vc_column][\/vc_row][vc_row row_content_width=&#8221;grid&#8221; css=&#8221;.vc_custom_1496917003959{padding-top: 8% !important;}&#8221;][vc_column]<div class=\"eltd-animation-holder eltd-element-from-bottom\" data-animation=\"eltd-element-from-bottom\" data-animation-delay=\"\"><div class=\"eltd-animation-inner\"><div class=\"eltd-elements-holder eltd-two-columns eltd-responsive-mode-768\" ><div class=\"eltd-eh-item eltd-horizontal-alignment-right\"  data-item-class=\"eltd-eh-custom-758808\" data-600-768=\"10% 0 0\" data-480-600=\"20% 10%\" data-480=\"20% 10%\">\n\t<div class=\"eltd-eh-item-inner\">\n\t\t<div class=\"eltd-eh-item-content eltd-eh-custom-758808\" style=\"padding: 0 3% 0 0\">\n\t\t\t<div class=\"eltd-image-with-icon-holder\">\n    <div class=\"eltd-iwc-image\">\n                            <img width=\"313\" height=\"313\" src=\"https:\/\/maiscomunidade.vc\/plataforma\/wp-content\/uploads\/2021\/11\/fotoca16.png\" class=\"attachment-full size-full\" alt=\"\" loading=\"lazy\" srcset=\"https:\/\/maiscomunidade.vc\/plataforma\/wp-content\/uploads\/2021\/11\/fotoca16.png 313w, https:\/\/maiscomunidade.vc\/plataforma\/wp-content\/uploads\/2021\/11\/fotoca16-300x300.png 300w, https:\/\/maiscomunidade.vc\/plataforma\/wp-content\/uploads\/2021\/11\/fotoca16-150x150.png 150w, https:\/\/maiscomunidade.vc\/plataforma\/wp-content\/uploads\/2021\/11\/fotoca16-100x100.png 100w\" sizes=\"(max-width: 313px) 100vw, 313px\" \/>                <\/div>\n    <div class=\"eltd-iwc-icon-holder\">\n                    <img width=\"103\" height=\"103\" src=\"https:\/\/maiscomunidade.vc\/plataforma\/wp-content\/uploads\/2021\/11\/iconezinho16-1.png\" class=\"attachment-full size-full\" alt=\"\" loading=\"lazy\" srcset=\"https:\/\/maiscomunidade.vc\/plataforma\/wp-content\/uploads\/2021\/11\/iconezinho16-1.png 103w, https:\/\/maiscomunidade.vc\/plataforma\/wp-content\/uploads\/2021\/11\/iconezinho16-1-100x100.png 100w\" sizes=\"(max-width: 103px) 100vw, 103px\" \/>        \n    <\/div>\n<\/div>\t\t<\/div>\n\t<\/div>\n<\/div><div class=\"eltd-eh-item \"  data-item-class=\"eltd-eh-custom-999426\" data-600-768=\"10% 0 0\" data-480-600=\"10% 0 20%\" data-480=\"10% 0 20%\">\n\t<div class=\"eltd-eh-item-inner\">\n\t\t<div class=\"eltd-eh-item-content eltd-eh-custom-999426\" style=\"padding: 0 0 0 14%\">\n\t\t\t<div class=\"eltd-section-title-holder\" >\n\t\t\t<h2 class=\"eltd-st-title\" style=\"color: #2a2a2a\">\n\n            <span class=\"eltd-section-title-inner-wrapper\">\n\n                Evento de Lan\u00e7amento                    <span class=\"eltd-section-title-number\">\n                        1                    <\/span>\n\t            \n            <\/span>\n\n\n\t\t<\/h2>\n\t\n\t\t\t<p class=\"eltd-st-text\" style=\"color: #808080;font-size: 15px\">Em nosso primeiro encontro do ano, voc\u00ea vai entender um pouco mais sobre a Jornada de Lideran\u00e7as Mais Comunidade, quais ser\u00e3o as nossas esta\u00e7\u00f5es de conhecimento e tamb\u00e9m conhecer mais detalhes desta plataforma virtual!<\/p>\n\t\n<\/div>\n\t\t<\/div>\n\t<\/div>\n<\/div><\/div><\/div><\/div>[\/vc_column][\/vc_row][vc_row row_content_width=&#8221;grid&#8221; css=&#8221;.vc_custom_1496917087854{padding-top: 8% !important;padding-bottom: 8% !important;}&#8221;][vc_column]<div class=\"eltd-animation-holder eltd-element-from-bottom\" data-animation=\"eltd-element-from-bottom\" data-animation-delay=\"400\"><div class=\"eltd-animation-inner\"><div class=\"eltd-elements-holder eltd-two-columns eltd-responsive-mode-768\" ><div class=\"eltd-eh-item eltd-horizontal-alignment-right\"  data-item-class=\"eltd-eh-custom-626101\" data-600-768=\"10% 0 0\" data-480-600=\"0 0 0 0%\" data-480=\"0 0 0 0%\">\n\t<div class=\"eltd-eh-item-inner\">\n\t\t<div class=\"eltd-eh-item-content eltd-eh-custom-626101\" style=\"padding: 0 3% 0 0\">\n\t\t\t<div class=\"eltd-section-title-holder\" style=\"text-align: right\">\n\t\t\t<h2 class=\"eltd-st-title\" style=\"color: #2a2a2a\">\n\n            <span class=\"eltd-section-title-inner-wrapper\">\n\n                Jornadas Virtuais de Aprendizado                    <span class=\"eltd-section-title-number\">\n                        2                    <\/span>\n\t            \n            <\/span>\n\n\n\t\t<\/h2>\n\t\n\t\t\t<p class=\"eltd-st-text\" style=\"color: #808080;font-size: 15px\">Nestes encontros virtuais, voc\u00ea poder\u00e1 reencontrar outras pessoas que tamb\u00e9m fazem a diferen\u00e7a no lugar onde moram, al\u00e9m de aprender v\u00e1rias coisas novas. J\u00e1 se preparou para o embarque?<\/p>\n\t\n<\/div>\n[vc_empty_space height=&#8221;20px&#8221;]\t\t<\/div>\n\t<\/div>\n<\/div><div class=\"eltd-eh-item eltd-horizontal-alignment-right\"  data-item-class=\"eltd-eh-custom-122552\" data-1280-1600=\"0 33% 0 0\" data-1024-1280=\"0 28% 0 0\" data-768-1024=\"0 4% 0 0\" data-600-768=\"10% 0 0\" data-480-600=\"20% 10%\" data-480=\"20% 10%\">\n\t<div class=\"eltd-eh-item-inner\">\n\t\t<div class=\"eltd-eh-item-content eltd-eh-custom-122552\" style=\"padding: 0 33% 0 0\">\n\t\t\t<div class=\"eltd-image-with-icon-holder\">\n    <div class=\"eltd-iwc-image\">\n                            <img width=\"313\" height=\"313\" src=\"https:\/\/maiscomunidade.vc\/plataforma\/wp-content\/uploads\/2021\/11\/fotoca15.png\" class=\"attachment-full size-full\" alt=\"\" loading=\"lazy\" srcset=\"https:\/\/maiscomunidade.vc\/plataforma\/wp-content\/uploads\/2021\/11\/fotoca15.png 313w, https:\/\/maiscomunidade.vc\/plataforma\/wp-content\/uploads\/2021\/11\/fotoca15-300x300.png 300w, https:\/\/maiscomunidade.vc\/plataforma\/wp-content\/uploads\/2021\/11\/fotoca15-150x150.png 150w, https:\/\/maiscomunidade.vc\/plataforma\/wp-content\/uploads\/2021\/11\/fotoca15-100x100.png 100w\" sizes=\"(max-width: 313px) 100vw, 313px\" \/>                <\/div>\n    <div class=\"eltd-iwc-icon-holder\">\n                    <img width=\"103\" height=\"103\" src=\"https:\/\/maiscomunidade.vc\/plataforma\/wp-content\/uploads\/2021\/11\/icone15-1.png\" class=\"attachment-full size-full\" alt=\"\" loading=\"lazy\" srcset=\"https:\/\/maiscomunidade.vc\/plataforma\/wp-content\/uploads\/2021\/11\/icone15-1.png 103w, https:\/\/maiscomunidade.vc\/plataforma\/wp-content\/uploads\/2021\/11\/icone15-1-100x100.png 100w\" sizes=\"(max-width: 103px) 100vw, 103px\" \/>        \n    <\/div>\n<\/div>\t\t<\/div>\n\t<\/div>\n<\/div><\/div><\/div><\/div>[\/vc_column][\/vc_row][vc_row row_content_width=&#8221;grid&#8221; css=&#8221;.vc_custom_1496917143629{padding-bottom: 100px !important;}&#8221;][vc_column]<div class=\"eltd-animation-holder eltd-element-from-bottom\" data-animation=\"eltd-element-from-bottom\" data-animation-delay=\"\"><div class=\"eltd-animation-inner\"><div class=\"eltd-elements-holder eltd-two-columns eltd-responsive-mode-768\" ><div class=\"eltd-eh-item eltd-horizontal-alignment-right\"  data-item-class=\"eltd-eh-custom-801911\" data-600-768=\"10% 0 0\" data-480-600=\"0% 10% 20%\" data-480=\"0% 10% 20%\">\n\t<div class=\"eltd-eh-item-inner\">\n\t\t<div class=\"eltd-eh-item-content eltd-eh-custom-801911\" style=\"padding: 0 3% 0 0\">\n\t\t\t<div class=\"eltd-image-with-icon-holder\">\n    <div class=\"eltd-iwc-image\">\n                            <img src=\"https:\/\/maiscomunidade.vc\/plataforma\/wp-content\/uploads\/2021\/11\/foto-17-Jornada-de-Liderancas-Nova-Plataforma-313x313.png\" alt=\"\" width=\"313\" height=\"313\" \/>                <\/div>\n    <div class=\"eltd-iwc-icon-holder\">\n                    <img width=\"103\" height=\"103\" src=\"https:\/\/maiscomunidade.vc\/plataforma\/wp-content\/uploads\/2021\/11\/iconezinho17.png\" class=\"attachment-full size-full\" alt=\"\" loading=\"lazy\" srcset=\"https:\/\/maiscomunidade.vc\/plataforma\/wp-content\/uploads\/2021\/11\/iconezinho17.png 103w, https:\/\/maiscomunidade.vc\/plataforma\/wp-content\/uploads\/2021\/11\/iconezinho17-100x100.png 100w\" sizes=\"(max-width: 103px) 100vw, 103px\" \/>        \n    <\/div>\n<\/div>\t\t<\/div>\n\t<\/div>\n<\/div><div class=\"eltd-eh-item \"  data-item-class=\"eltd-eh-custom-490097\" data-600-768=\"10% 0 0\" data-480-600=\"10% 0 0\" data-480=\"10% 0 0\">\n\t<div class=\"eltd-eh-item-inner\">\n\t\t<div class=\"eltd-eh-item-content eltd-eh-custom-490097\" style=\"padding: 0 0 0 14%\">\n\t\t\t<div class=\"eltd-section-title-holder\" >\n\t\t\t<h2 class=\"eltd-st-title\" style=\"color: #2a2a2a\">\n\n            <span class=\"eltd-section-title-inner-wrapper\">\n\n                Encontro Presencial de Lideran\u00e7as                    <span class=\"eltd-section-title-number\">\n                        3                    <\/span>\n\t            \n            <\/span>\n\n\n\t\t<\/h2>\n\t\n\t\t\t<p class=\"eltd-st-text\" style=\"color: #808080;font-size: 15px\">E, finalmente, ao fim dos nossos encontros virtuais, vamos nos rever! Vamos poder esticar as pernas, matar as saudades, e passar por experi\u00eancias que v\u00e3o te ajudar a tornar o lugar onde mora ainda melhor!<\/p>\n\t\n<\/div>\n\t\t<\/div>\n\t<\/div>\n<\/div><\/div><\/div><\/div>[\/vc_column][\/vc_row][vc_row parallax=&#8221;content-moving&#8221; parallax_image=&#8221;3448&#8243; parallax_speed_bg=&#8221;2&#8243; content_text_aligment=&#8221;center&#8221;][vc_column]<div class=\"eltd-parallax-holder eltd-vertical-middle-align eltd-disabled-parallax-on-touch\" data-parallax-speed=\"1\" style=\"background-image: url(https:\/\/maiscomunidade.vc\/plataforma\/wp-content\/uploads\/2021\/11\/novafoto18-1.jpg);min-height: 400px;height: 400px\">\n\t<div class=\"eltd-parallax-inner\">\n\t\t[vc_row_inner css=&#8221;.vc_custom_1499346415235{padding-top: 90px !important;padding-bottom: 130px !important;}&#8221;][vc_column_inner][vc_column_text]<\/p>\n<h1><span style=\"color: #ffffff;\">Clique aqui para ver os Encontros de Lideran\u00e7as de 2019 e 2020<\/span><\/h1>\n<p>[\/vc_column_text][vc_empty_space height=&#8221;28px&#8221;]<a itemprop=\"url\" href=\"https:\/\/maiscomunidade.vc\/plataforma\/relembre\/\" target=\"_blank\" style=\"color: #ebe838;background-color: #f47b29;text-align: center\" class=\"eltd-btn eltd-btn-medium eltd-btn-solid eltd-btn-custom-hover-bg eltd-btn-custom-border-hover eltd-btn-custom-hover-color eltd-btn-icon\" data-hover-color=\"#f47b29\" data-hover-bg-color=\"#ebe838\" data-hover-border-color=\"#ffffff\" >\n    <span class=\"eltd-btn-text\"  >\n        Clique aqui    <\/span>\n\t        <span class=\"eltd-btn-icon-html\"  >\n            <span aria-hidden=\"true\" class=\"eltd-icon-font-elegant arrow_carrot-right \" ><\/span>        <\/span>\n\t<\/a>[\/vc_column_inner][\/vc_row_inner]\t<\/div>\n<\/div>\n[\/vc_column][\/vc_row]<\/p>\n","protected":false},"excerpt":{"rendered":"<p>[vc_row parallax=&#8221;content-moving&#8221; parallax_image=&#8221;3451&#8243; content_text_aligment=&#8221;center&#8221;][vc_column][\/vc_column][\/vc_row][vc_row row_content_width=&#8221;grid&#8221; css=&#8221;.vc_custom_1496917003959{padding-top: 8% !important;}&#8221;][vc_column][\/vc_column][\/vc_row][vc_row row_content_width=&#8221;grid&#8221; css=&#8221;.vc_custom_1496917087854{padding-top: 8% !important;padding-bottom: 8% !important;}&#8221;][vc_column][\/vc_column][\/vc_row][vc_row row_content_width=&#8221;grid&#8221; css=&#8221;.vc_custom_1496917143629{padding-bottom: 100px !important;}&#8221;][vc_column][\/vc_column][\/vc_row][vc_row parallax=&#8221;content-moving&#8221; parallax_image=&#8221;3448&#8243; parallax_speed_bg=&#8221;2&#8243; content_text_aligment=&#8221;center&#8221;][vc_column][\/vc_column][\/vc_row]<\/p>\n","protected":false},"author":1,"featured_media":0,"parent":0,"menu_order":0,"comment_status":"closed","ping_status":"closed","template":"full-width.php","meta":[],"_links":{"self":[{"href":"https:\/\/maiscomunidade.vc\/plataforma\/wp-json\/wp\/v2\/pages\/621"}],"collection":[{"href":"https:\/\/maiscomunidade.vc\/plataforma\/wp-json\/wp\/v2\/pages"}],"about":[{"href":"https:\/\/maiscomunidade.vc\/plataforma\/wp-json\/wp\/v2\/types\/page"}],"author":[{"embeddable":true,"href":"https:\/\/maiscomunidade.vc\/plataforma\/wp-json\/wp\/v2\/users\/1"}],"replies":[{"embeddable":true,"href":"https:\/\/maiscomunidade.vc\/plataforma\/wp-json\/wp\/v2\/comments?post=621"}],"version-history":[{"count":8,"href":"https:\/\/maiscomunidade.vc\/plataforma\/wp-json\/wp\/v2\/pages\/621\/revisions"}],"predecessor-version":[{"id":3903,"href":"https:\/\/maiscomunidade.vc\/plataforma\/wp-json\/wp\/v2\/pages\/621\/revisions\/3903"}],"wp:attachment":[{"href":"https:\/\/maiscomunidade.vc\/plataforma\/wp-json\/wp\/v2\/media?parent=621"}],"curies":[{"name":"wp","href":"https:\/\/api.w.org\/{rel}","templated":true}]}}