{"id":5788,"date":"2023-06-23T14:00:37","date_gmt":"2023-06-23T17:00:37","guid":{"rendered":"https:\/\/maiscomunidade.vc\/plataforma\/?page_id=5788"},"modified":"2023-07-05T19:08:24","modified_gmt":"2023-07-05T22:08:24","slug":"relembre-2023","status":"publish","type":"page","link":"https:\/\/maiscomunidade.vc\/plataforma\/relembre-2023\/","title":{"rendered":"Relembre 2023"},"content":{"rendered":"<p>[vc_row parallax=&#8221;content-moving&#8221; parallax_speed_bg=&#8221;&#8221; css=&#8221;.vc_custom_1687801728108{background-image: url(https:\/\/maiscomunidade.vc\/plataforma\/wp-content\/uploads\/2023\/06\/jornada-de-liderancas-2023-Material-para-platafoma-foto-header-2.jpg?id=5973) !important;}&#8221;][vc_column]<div class=\"eltd-elements-holder eltd-one-column eltd-responsive-mode-768\" ><div class=\"eltd-eh-item \"  data-item-class=\"eltd-eh-custom-285917\" data-1280-1600=\"8% 0 0\" data-1024-1280=\"10% 0 0\" data-768-1024=\"2% 0 0\" data-600-768=\"0 0\">\n\t<div class=\"eltd-eh-item-inner\">\n\t\t<div class=\"eltd-eh-item-content eltd-eh-custom-285917\" style=\"padding: 11% 0 0 0\">\n\t\t\t[vc_single_image image=&#8221;5972&#8243; img_size=&#8221;full&#8221; alignment=&#8221;center&#8221;]\t\t<\/div>\n\t<\/div>\n<\/div><\/div>[\/vc_column][\/vc_row][vc_row row_content_width=&#8221;grid&#8221; css=&#8221;.vc_custom_1497619998304{padding-top: 113px !important;padding-bottom: 112px !important;}&#8221;][vc_column]<div class=\"eltd-section-title-holder\" style=\"text-align: center\">\n\t\t\t<h1 class=\"eltd-st-title\" style=\"color: #2a2a2a\">\n\n            <span class=\"eltd-section-title-inner-wrapper\">\n\n                A Jornada chegou ao seu destino e nos reencontramos em uma praia repleta de novas possibilidades\n            <\/span>\n\n\n\t\t<\/h1>\n\t\n\t\n<\/div>\n[vc_empty_space height=&#8221;50px&#8221;][vc_column_text]<\/p>\n<p data-pm-slice=\"1 1 []\">Fechamos o ciclo da Jornada de Lideran\u00e7as + Comunidades em grande estilo, em uma <strong>praia<\/strong> que viajou do Espirito Santo a Minas Gerais, <strong>conectando iniciativas e mostrando novas formas de fazer acontecer na comunidade<\/strong>.<\/p>\n<p>Na nossa praia, recebemos convidados mais que especiais para trocar experi\u00eancias e desenvolver habilidades de lideran\u00e7as como indiv\u00edduos, na rela\u00e7\u00e3o com as comunidades e todos juntos com o territ\u00f3rio.<\/p>\n<p>Foram dias de trocas intensas e momentos marcantes, todos registrados em fotos que ficaram lindas!<\/p>\n<p><strong>Vamos relembrar juntos? Confira abaixo as fotos!<\/strong>[\/vc_column_text][vc_empty_space height=&#8221;30px&#8221;][vc_row_inner][vc_column_inner][vc_gallery type=&#8221;nivo&#8221; interval=&#8221;0&#8243; images=&#8221;5962,5963,5964&#8243; img_size=&#8221;full&#8221;]<a itemprop=\"url\" href=\"#\" target=\"_self\" style=\"text-align: center\" class=\"eltd-btn eltd-btn-medium eltd-btn-solid eltd-btn-fullwidth\"  >\n    <span class=\"eltd-btn-text\"  >\n        Clique aqui para baixar o conte\u00fado dos Encontros Presenciais    <\/span>\n\t<\/a>[\/vc_column_inner][\/vc_row_inner][\/vc_column][\/vc_row][vc_row css=&#8221;.vc_custom_1637887561375{background-color: #ffffff !important;}&#8221;][vc_column][vc_single_image image=&#8221;5790&#8243; img_size=&#8221;1920&#8243; alignment=&#8221;center&#8221; css=&#8221;.vc_custom_1687538348957{background-color: #007e7a !important;}&#8221;][vc_masonry_media_grid style=&#8221;lazy&#8221; element_width=&#8221;3&#8243; initial_loading_animation=&#8221;fadeIn&#8221; grid_id=&#8221;vc_gid:1688593196638-992d223e-de79-9&#8243; include=&#8221;5810,5811,5812,5813,5814,5815,5816,5817,5818,5819,5820,5821,5822,5823,5824,5825,5826,5827,5828,5829,5830,5831,5832,5833,5835,5836,5837,5838,5839,5840,5841,5842,5844,5845,5846,5847,5848,5849,5850,5851,5852,5853,5854,5855,5856,5857,5858,5843,6045,6046,6047,6048,6049,6050,6051,6052,6053,6054,6055,6056,6057,6058,6059,6060,6061,6062,6063,6064&#8243;][vc_empty_space height=&#8221;50px&#8221;][vc_single_image image=&#8221;5789&#8243; img_size=&#8221;1920&#8243; alignment=&#8221;center&#8221; css=&#8221;.vc_custom_1687538369285{background-color: #007e7a !important;}&#8221;][vc_masonry_media_grid style=&#8221;lazy&#8221; element_width=&#8221;3&#8243; initial_loading_animation=&#8221;fadeIn&#8221; grid_id=&#8221;vc_gid:1688593196639-35fe6fde-640a-4&#8243; include=&#8221;5896,5897,5902,5903,5863,5864,5865,5866,5868,5869,5870,5871,5872,5874,5875,5876,5877,5878,5879,5880,5881,5882,5884,5885,5886,5887,5888,5889,5890,5891,5892,5894,5895,5904,5905,5906,5907,5908,5909,5910,5883,5867,5893,6112,6113,6114,6115,6116,6117,6118,6119,6120,6121,6122,6123,6124,6125&#8243;][vc_empty_space height=&#8221;50px&#8221;][vc_single_image image=&#8221;5791&#8243; img_size=&#8221;1920&#8243; alignment=&#8221;center&#8221; css=&#8221;.vc_custom_1687538379713{background-color: #007e7a !important;}&#8221;][vc_masonry_media_grid style=&#8221;lazy&#8221; element_width=&#8221;3&#8243; initial_loading_animation=&#8221;fadeIn&#8221; grid_id=&#8221;vc_gid:1688593196640-899b94e0-58cd-9&#8243; include=&#8221;5911,5912,5913,5914,5915,5916,5917,5918,5919,5920,5921,5922,5923,5924,5925,5926,5927,5928,5929,5930,5931,5932,5933,5934,5935,5936,5937,5938,5939,5940,5941,5942,5943,5944,5945,5946,5947,5948,5949,5950,5951,5952,5953,5954,5955,5956,5957,5958,5959,5960,6096,6097,6098,6099,6101,6102,6103,6105,6106,6107,6108,6109,6110&#8243;][vc_empty_space height=&#8221;50px&#8221;][\/vc_column][\/vc_row]<\/p>\n","protected":false},"excerpt":{"rendered":"<p>[vc_row parallax=&#8221;content-moving&#8221; parallax_speed_bg=&#8221;&#8221; css=&#8221;.vc_custom_1687801728108{background-image: url(https:\/\/maiscomunidade.vc\/plataforma\/wp-content\/uploads\/2023\/06\/jornada-de-liderancas-2023-Material-para-platafoma-foto-header-2.jpg?id=5973) !important;}&#8221;][vc_column][\/vc_column][\/vc_row][vc_row row_content_width=&#8221;grid&#8221; css=&#8221;.vc_custom_1497619998304{padding-top: 113px !important;padding-bottom: 112px !important;}&#8221;][vc_column][vc_empty_space height=&#8221;50px&#8221;][vc_column_text] Fechamos o ciclo da Jornada de Lideran\u00e7as + Comunidades em grande estilo, em uma praia que viajou do Espirito Santo a Minas Gerais, conectando iniciativas e mostrando [&hellip;]<\/p>\n","protected":false},"author":3,"featured_media":0,"parent":0,"menu_order":0,"comment_status":"closed","ping_status":"closed","template":"full-width.php","meta":[],"_links":{"self":[{"href":"https:\/\/maiscomunidade.vc\/plataforma\/wp-json\/wp\/v2\/pages\/5788"}],"collection":[{"href":"https:\/\/maiscomunidade.vc\/plataforma\/wp-json\/wp\/v2\/pages"}],"about":[{"href":"https:\/\/maiscomunidade.vc\/plataforma\/wp-json\/wp\/v2\/types\/page"}],"author":[{"embeddable":true,"href":"https:\/\/maiscomunidade.vc\/plataforma\/wp-json\/wp\/v2\/users\/3"}],"replies":[{"embeddable":true,"href":"https:\/\/maiscomunidade.vc\/plataforma\/wp-json\/wp\/v2\/comments?post=5788"}],"version-history":[{"count":13,"href":"https:\/\/maiscomunidade.vc\/plataforma\/wp-json\/wp\/v2\/pages\/5788\/revisions"}],"predecessor-version":[{"id":6094,"href":"https:\/\/maiscomunidade.vc\/plataforma\/wp-json\/wp\/v2\/pages\/5788\/revisions\/6094"}],"wp:attachment":[{"href":"https:\/\/maiscomunidade.vc\/plataforma\/wp-json\/wp\/v2\/media?parent=5788"}],"curies":[{"name":"wp","href":"https:\/\/api.w.org\/{rel}","templated":true}]}}