{"id":5080,"date":"2022-07-26T09:20:01","date_gmt":"2022-07-26T12:20:01","guid":{"rendered":"https:\/\/maiscomunidade.vc\/plataforma\/?page_id=5080"},"modified":"2022-07-26T09:29:25","modified_gmt":"2022-07-26T12:29:25","slug":"projetos-comunitarios","status":"publish","type":"page","link":"https:\/\/maiscomunidade.vc\/plataforma\/projetos-comunitarios\/","title":{"rendered":"Jornada de Lideran\u00e7as | Projetos Comunit\u00e1rios"},"content":{"rendered":"<p>[vc_row content_placement=&#8221;middle&#8221; parallax=&#8221;content-moving&#8221; parallax_image=&#8221;4585&#8243; content_text_aligment=&#8221;center&#8221; css=&#8221;.vc_custom_1650537295074{background-color: #eeee22 !important;}&#8221;][vc_column]<div class=\"eltd-parallax-holder eltd-vertical-middle-align eltd-disabled-parallax-on-touch\" data-parallax-speed=\"1\" style=\"background-image: url(https:\/\/maiscomunidade.vc\/plataforma\/wp-content\/uploads\/2022\/04\/Pec\u0327a-Gra\u0301fica-Encontro-1-2.jpg);min-height: 400px;height: 400px\">\n\t<div class=\"eltd-parallax-inner\">\n\t\t[vc_row_inner content_placement=&#8221;middle&#8221; content_text_aligment=&#8221;center&#8221; css=&#8221;.vc_custom_1650535604128{padding-top: 203px !important;padding-bottom: 250px !important;}&#8221;][vc_column_inner css=&#8221;.vc_custom_1650535078704{padding-right: 20px !important;padding-left: 20px !important;}&#8221;][vc_column_text]<span style=\"color: #ffffff; font-size: 70px; font-weight: 400; line-height: 70px;\">Projetos Comunit\u00e1rios<\/span>[\/vc_column_text][vc_column_text]<\/p>\n<h4><span style=\"color: #ffffff;\">Articular para fazer acontecer<\/span><\/h4>\n<p>[\/vc_column_text][\/vc_column_inner][\/vc_row_inner]\t<\/div>\n<\/div>\n[\/vc_column][\/vc_row][vc_row content_placement=&#8221;middle&#8221; row_content_width=&#8221;grid&#8221; content_text_aligment=&#8221;center&#8221; css=&#8221;.vc_custom_1650535383585{margin-top: -150px !important;padding-bottom: 78px !important;}&#8221;][vc_column width=&#8221;1\/2&#8243;][vc_empty_space height=&#8221;25px&#8221;]<a itemprop=\"url\" href=\"#encontro01\" target=\"_self\" style=\"text-align: center\" class=\"eltd-btn eltd-btn-medium eltd-btn-solid eltd-btn-custom-hover-bg eltd-btn-custom-hover-color\" data-hover-color=\"#00867c\" data-hover-bg-color=\"#ebe838\" >\n    <span class=\"eltd-btn-text\"  >\n        Acessar o Encontro    <\/span>\n\t<\/a>[\/vc_column][vc_column width=&#8221;1\/2&#8243;][vc_empty_space height=&#8221;25px&#8221;]<a itemprop=\"url\" href=\"https:\/\/maiscomunidade.vc\/plataforma\/?smd_process_download=1&#038;download_id=5092\" target=\"_self\" style=\"text-align: center\" class=\"eltd-btn eltd-btn-medium eltd-btn-solid eltd-btn-custom-hover-bg eltd-btn-custom-hover-color\" data-hover-color=\"#00867c\" data-hover-bg-color=\"#ebe838\" >\n    <span class=\"eltd-btn-text\"  >\n        Baixar conte\u00fado    <\/span>\n\t<\/a>[\/vc_column][\/vc_row][vc_row css=&#8221;.vc_custom_1650536851257{padding-right: 20px !important;padding-bottom: 112px !important;padding-left: 20px !important;background-image: url(https:\/\/maiscomunidade.vc\/plataforma\/wp-content\/uploads\/2022\/04\/fundo.jpg?id=4557) !important;background-position: center !important;background-repeat: no-repeat !important;background-size: cover !important;}&#8221;][vc_column width=&#8221;1\/6&#8243;][\/vc_column][vc_column width=&#8221;2\/3&#8243;][vc_empty_space height=&#8221;50px&#8221;]<div class=\"eltd-section-title-holder\" style=\"text-align: center\">\n\t\t\t<h1 class=\"eltd-st-title\" style=\"color: #ffffff\">\n\n            <span class=\"eltd-section-title-inner-wrapper\">\n\n                Segunda Parada\n            <\/span>\n\n\n\t\t<\/h1>\n\t\n\t\n<\/div>\n[vc_empty_space height=&#8221;25px&#8221;][vc_column_text]<\/p>\n<p style=\"margin-top: 7pt; margin-bottom: 7pt; line-height: 18pt; font-family: 'Vale Sans'; font-size: 14.0pt; color: white;\">Este \u00e9 o segundo encontro da nossa Jornada e estamos muito felizes em continuar essa viagem pelo conhecimento com voc\u00ea!<\/p>\n<p style=\"margin-top: 7pt; margin-bottom: 7pt; line-height: 18pt; font-family: 'Vale Sans'; font-size: 14.0pt; color: white;\">Nesta parada, nossa principal &#8220;atra\u00e7\u00e3o&#8221; ser\u00e3o os Projetos Comunit\u00e1rios. Eu sei que isso tem tudo a ver com voc\u00ea! Essa parada te convida a refletir sobre qual \u00e9 a import\u00e2ncia de estruturar o projeto e articular com outros parceiros para, assim, tirar sua ideia do papel!<\/p>\n<p style=\"margin-top: 7pt; margin-bottom: 7pt; line-height: 18pt; font-family: 'Vale Sans'; font-size: 14.0pt; color: white;\"><span style=\"font-weight: bold;\">Ent\u00e3o, nessa Parada, vamos falar de:<\/span><\/p>\n<ul>\n<li style=\"line-height: 18pt; font-family: 'Vale Sans'; font-size: 14pt; color: white;\">Como ir <b>da ideia ao projeto<\/b>, de um modo que voc\u00ea consiga colocar por mundo seus inc\u00f4modos e a sua proposta de solu\u00e7\u00e3o;<\/li>\n<li style=\"line-height: 18pt; font-family: 'Vale Sans'; font-size: 14pt; color: white;\">Com quais parceiros voc\u00ea pode construir redes e fortalecer a <b style=\"font-size: 14pt;\">articula\u00e7\u00e3o<\/b><span style=\"font-size: 14pt;\"> para a realiza\u00e7\u00e3o do projeto;<\/span><\/li>\n<li style=\"line-height: 18pt; font-family: 'Vale Sans'; font-size: 14pt; color: white;\">Como priorizar e selecionar os desafios que ser\u00e3o abordados inicialmente;<\/li>\n<li style=\"line-height: 18pt; font-family: 'Vale Sans'; font-size: 14pt; color: white;\">Qual \u00e9 a estrutura b\u00e1sica de um projeto e por que ela \u00e9 importante;<\/li>\n<li style=\"line-height: 18pt; font-family: 'Vale Sans'; font-size: 14pt; color: white;\">A import\u00e2ncia da avalia\u00e7\u00e3o para ampliar ou revisar o projeto!<\/li>\n<\/ul>\n<p style=\"margin-top: 7pt; margin-bottom: 7pt; line-height: 18pt; font-size: 14.0pt; color: white;\"><span style=\"font-family: 'Vale Sans';\">Al\u00e9m de todos esses temas, uma convidada que vem de terras cariocas vai trocar muito conosco sobre as experi\u00eancias que ela realiza na Rocinha, uma das maiores comunidades do Rio de Janeiro, e tamb\u00e9m sobre alguns dos desafios que talvez voc\u00ea tamb\u00e9m conhe\u00e7a. <\/span><span style=\"font-family: 'Segoe UI Emoji';\">\ud83d\ude09<\/span><\/p>\n<p>[\/vc_column_text][\/vc_column][vc_column width=&#8221;1\/6&#8243;][\/vc_column][\/vc_row][vc_row css=&#8221;.vc_custom_1652712360134{padding-right: 20px !important;padding-left: 20px !important;background-color: #eeee22 !important;}&#8221; el_id=&#8221;encontro01&#8243;][vc_column][vc_empty_space height=&#8221;50px&#8221;]<div class=\"eltd-section-title-holder\" style=\"text-align: center\">\n\t\t\t<h1 class=\"eltd-st-title\" style=\"color: #2a2a2a\">\n\n            <span class=\"eltd-section-title-inner-wrapper\">\n\n                Programa\u00e7\u00e3o &amp; Participantes\n            <\/span>\n\n\n\t\t<\/h1>\n\t\n\t\n<\/div>\n[vc_empty_space height=&#8221;25px&#8221;][vc_tta_tour style=&#8221;modern&#8221; active_section=&#8221;1&#8243;][vc_tta_section i_icon_fontawesome=&#8221;far fa-play-circle&#8221; add_icon=&#8221;true&#8221; title=&#8221;Encontro Virtual 2 | Dia 19 de julho (Grande Vit\u00f3ria \u00e0 Tumiritinga)&#8221; tab_id=&#8221;1650474871244-787cefb0-778f&#8221;][vc_video link=&#8221;https:\/\/youtu.be\/R4k0KesIRrk&#8221;][\/vc_tta_section][vc_tta_section i_icon_fontawesome=&#8221;far fa-play-circle&#8221; add_icon=&#8221;true&#8221; title=&#8221;Encontro Virtual 2 | Dia 20 de julho (Gov. Valadares a Jo\u00e3o Monlevade)&#8221; tab_id=&#8221;1650531547283-d0556c04-d49a&#8221;][vc_video link=&#8221;https:\/\/youtu.be\/VfGYmdTymOQ&#8221;][\/vc_tta_section][vc_tta_section i_icon_fontawesome=&#8221;far fa-play-circle&#8221; add_icon=&#8221;true&#8221; title=&#8221;Encontro Virtual 2 | Dia 21 de julho (Vit\u00f3ria e Vila Velha)&#8221; tab_id=&#8221;1650531545426-7ed428f6-76c7&#8243;][vc_video link=&#8221;https:\/\/youtu.be\/enBBc5qcGBU&#8221;][\/vc_tta_section][\/vc_tta_tour][\/vc_column][\/vc_row][vc_row css=&#8221;.vc_custom_1652725340849{background: #d97933 url(https:\/\/maiscomunidade.vc\/plataforma\/wp-content\/uploads\/2022\/05\/Captura-de-Tela-2022-05-16-a\u0300s-15.19.24.png?id=4714) !important;}&#8221;][vc_column][vc_empty_space height=&#8221;20px&#8221;][vc_custom_heading text=&#8221;Dicas para nosso Encontro Virtual&#8221; font_container=&#8221;tag:h1|text_align:center|color:%23ffffff&#8221; google_fonts=&#8221;font_family:pmn-caecilia-roman%3Aregular|font_style:400%20regular%3A400%3Anormal&#8221;][\/vc_column][\/vc_row][vc_row css=&#8221;.vc_custom_1652725202391{padding-right: 20px !important;padding-left: 20px !important;background: #d97933 url(https:\/\/maiscomunidade.vc\/plataforma\/wp-content\/uploads\/2022\/05\/Captura-de-Tela-2022-05-16-a\u0300s-15.19.24.png?id=4714) !important;background-position: center !important;background-repeat: no-repeat !important;background-size: cover !important;}&#8221;][vc_column width=&#8221;1\/3&#8243;][vc_empty_space height=&#8221;50px&#8221;]<div class=\"eltd-iwt clearfix eltd-iwt-icon-top-hover eltd-iwt-icon-large\">\n    <div class=\"eltd-iwt-icon icon-hover\">\n                                        <span class=\"eltd-icon-shortcode eltd-normal eltd-icon-large\"             data-hover-color=\"#dd8500\" data-color=\"#ffffff\">                <i class=\"eltd-icon-font-awesome fa fa-clock-o eltd-icon-element\" style=\"color: #ffffff\" ><\/i>            <\/span>                            <\/div>\n    <div class=\"eltd-iwt-content\" >\n                <h4 class=\"eltd-iwt-title\" style=\"color: #ffffff\">\n                    <span class=\"eltd-iwt-title-text\">Antes do Encontro Virtual<\/span>\n                <\/h4>\n                <p class=\"eltd-iwt-text\" style=\"color: #ffffff\">Separe um lugar bem confort\u00e1vel e iluminado da sua casa;<br \/>\nAcompanhe o evento pelo computador para uma melhor experi\u00eancia;<br \/>\nUse fones de ouvido para n\u00e3o deixar nenhuma informa\u00e7\u00e3o passar despercebida;<br \/>\nDesligue ou coloque o celular no modo silencioso para n\u00e3o se desconcentrar;<\/p>\n        <\/div>\n<\/div>[\/vc_column][vc_column width=&#8221;1\/3&#8243;][vc_empty_space height=&#8221;50px&#8221;]<div class=\"eltd-iwt clearfix eltd-iwt-icon-top-hover eltd-iwt-icon-large\">\n    <div class=\"eltd-iwt-icon icon-hover\">\n                                        <span class=\"eltd-icon-shortcode eltd-normal eltd-icon-large\"             data-hover-color=\"#ffffff\" data-color=\"#ffffff\">                <i class=\"eltd-icon-font-awesome fa fa-sign-in eltd-icon-element\" style=\"color: #ffffff\" ><\/i>            <\/span>                            <\/div>\n    <div class=\"eltd-iwt-content\" >\n                <h4 class=\"eltd-iwt-title\" style=\"color: #ffffff\">\n                    <span class=\"eltd-iwt-title-text\">Durante o Encontro Virtual<\/span>\n                <\/h4>\n                <p class=\"eltd-iwt-text\" style=\"color: #ffffff\">N\u00e3o esque\u00e7a da sua garrafa d'\u00e1gua para manter a hidrata\u00e7\u00e3o em dia.<br \/>\nMantenha seu Kit do Participante, com os materiais, por perto.<\/p>\n        <\/div>\n<\/div>[\/vc_column][vc_column width=&#8221;1\/3&#8243;][vc_empty_space height=&#8221;50px&#8221;]<div class=\"eltd-iwt clearfix eltd-iwt-icon-top-hover eltd-iwt-icon-medium\">\n    <div class=\"eltd-iwt-icon icon-hover\">\n                                        <span class=\"eltd-icon-shortcode eltd-normal eltd-icon-medium\"             data-hover-color=\"#dd8500\" data-color=\"#ffffff\">                <i class=\"eltd-icon-font-awesome fa fa-download eltd-icon-element\" style=\"color: #ffffff\" ><\/i>            <\/span>                            <\/div>\n    <div class=\"eltd-iwt-content\" >\n                <h4 class=\"eltd-iwt-title\" style=\"color: #ffffff\">\n                    <span class=\"eltd-iwt-title-text\">Ap\u00f3s o Encontro Virtual<\/span>\n                <\/h4>\n                <p class=\"eltd-iwt-text\" style=\"color: #ffffff\">Responda o formul\u00e1rio de avalia\u00e7\u00e3o e conte para a gente o que voc\u00ea achou;<br \/>\nBaixe o material pedag\u00f3gico dispon\u00edvel para aprofundar seus conhecimentos;<br \/>\nFoque em ser a melhor lideran\u00e7a que voc\u00ea \u00e9 capaz de ser!<\/p>\n        <\/div>\n<\/div>[\/vc_column][\/vc_row]<\/p>\n","protected":false},"excerpt":{"rendered":"<p>[vc_row content_placement=&#8221;middle&#8221; parallax=&#8221;content-moving&#8221; parallax_image=&#8221;4585&#8243; content_text_aligment=&#8221;center&#8221; css=&#8221;.vc_custom_1650537295074{background-color: #eeee22 !important;}&#8221;][vc_column][\/vc_column][\/vc_row][vc_row content_placement=&#8221;middle&#8221; row_content_width=&#8221;grid&#8221; content_text_aligment=&#8221;center&#8221; css=&#8221;.vc_custom_1650535383585{margin-top: -150px !important;padding-bottom: 78px !important;}&#8221;][vc_column width=&#8221;1\/2&#8243;][vc_empty_space height=&#8221;25px&#8221;][\/vc_column][vc_column width=&#8221;1\/2&#8243;][vc_empty_space height=&#8221;25px&#8221;][\/vc_column][\/vc_row][vc_row css=&#8221;.vc_custom_1650536851257{padding-right: 20px !important;padding-bottom: 112px !important;padding-left: 20px !important;background-image: url(https:\/\/maiscomunidade.vc\/plataforma\/wp-content\/uploads\/2022\/04\/fundo.jpg?id=4557) !important;background-position: center !important;background-repeat: no-repeat !important;background-size: cover !important;}&#8221;][vc_column width=&#8221;1\/6&#8243;][\/vc_column][vc_column width=&#8221;2\/3&#8243;][vc_empty_space height=&#8221;50px&#8221;][vc_empty_space height=&#8221;25px&#8221;][vc_column_text] Este [&hellip;]<\/p>\n","protected":false},"author":3,"featured_media":0,"parent":0,"menu_order":0,"comment_status":"closed","ping_status":"closed","template":"full-width.php","meta":[],"_links":{"self":[{"href":"https:\/\/maiscomunidade.vc\/plataforma\/wp-json\/wp\/v2\/pages\/5080"}],"collection":[{"href":"https:\/\/maiscomunidade.vc\/plataforma\/wp-json\/wp\/v2\/pages"}],"about":[{"href":"https:\/\/maiscomunidade.vc\/plataforma\/wp-json\/wp\/v2\/types\/page"}],"author":[{"embeddable":true,"href":"https:\/\/maiscomunidade.vc\/plataforma\/wp-json\/wp\/v2\/users\/3"}],"replies":[{"embeddable":true,"href":"https:\/\/maiscomunidade.vc\/plataforma\/wp-json\/wp\/v2\/comments?post=5080"}],"version-history":[{"count":11,"href":"https:\/\/maiscomunidade.vc\/plataforma\/wp-json\/wp\/v2\/pages\/5080\/revisions"}],"predecessor-version":[{"id":5095,"href":"https:\/\/maiscomunidade.vc\/plataforma\/wp-json\/wp\/v2\/pages\/5080\/revisions\/5095"}],"wp:attachment":[{"href":"https:\/\/maiscomunidade.vc\/plataforma\/wp-json\/wp\/v2\/media?parent=5080"}],"curies":[{"name":"wp","href":"https:\/\/api.w.org\/{rel}","templated":true}]}}