{"id":3933,"date":"2021-12-09T12:00:45","date_gmt":"2021-12-09T15:00:45","guid":{"rendered":"https:\/\/maiscomunidade.vc\/plataforma\/?page_id=3933"},"modified":"2021-12-09T12:07:11","modified_gmt":"2021-12-09T15:07:11","slug":"avalie","status":"publish","type":"page","link":"https:\/\/maiscomunidade.vc\/plataforma\/avalie\/","title":{"rendered":"Avalia\u00e7\u00e3o | Live de Lan\u00e7amento"},"content":{"rendered":"<p>[vc_row css=&#8221;.vc_custom_1639062188393{background-color: #007e7a !important;}&#8221;][vc_column][vc_raw_html]JTNDZGl2JTIwZGF0YS10Zi13aWRnZXQlM0QlMjJrYjllc1o2ViUyMiUyMGRhdGEtdGYtaWZyYW1lLXByb3BzJTNEJTIydGl0bGUlM0RKb3JuYWRhcyUyMGRlJTIwTGlkZXJhbiVDMyVBN2FzJTIwJTdDJTIwRm9ybXVsJUMzJUExcmlvJTIwTGl2ZSUyMiUyMHN0eWxlJTNEJTIyd2lkdGglM0ExMDAlMjUlM0JoZWlnaHQlM0E5MDBweCUzQiUyMiUzRSUzQyUyRmRpdiUzRSUzQ3NjcmlwdCUyMHNyYyUzRCUyMiUyRiUyRmVtYmVkLnR5cGVmb3JtLmNvbSUyRm5leHQlMkZlbWJlZC5qcyUyMiUzRSUzQyUyRnNjcmlwdCUzRQ==[\/vc_raw_html][\/vc_column][\/vc_row]<\/p>\n","protected":false},"excerpt":{"rendered":"<p>[vc_row css=&#8221;.vc_custom_1639062188393{background-color: #007e7a !important;}&#8221;][vc_column][vc_raw_html]JTNDZGl2JTIwZGF0YS10Zi13aWRnZXQlM0QlMjJrYjllc1o2ViUyMiUyMGRhdGEtdGYtaWZyYW1lLXByb3BzJTNEJTIydGl0bGUlM0RKb3JuYWRhcyUyMGRlJTIwTGlkZXJhbiVDMyVBN2FzJTIwJTdDJTIwRm9ybXVsJUMzJUExcmlvJTIwTGl2ZSUyMiUyMHN0eWxlJTNEJTIyd2lkdGglM0ExMDAlMjUlM0JoZWlnaHQlM0E5MDBweCUzQiUyMiUzRSUzQyUyRmRpdiUzRSUzQ3NjcmlwdCUyMHNyYyUzRCUyMiUyRiUyRmVtYmVkLnR5cGVmb3JtLmNvbSUyRm5leHQlMkZlbWJlZC5qcyUyMiUzRSUzQyUyRnNjcmlwdCUzRQ==[\/vc_raw_html][\/vc_column][\/vc_row]<\/p>\n","protected":false},"author":1,"featured_media":0,"parent":0,"menu_order":0,"comment_status":"closed","ping_status":"closed","template":"full-width.php","meta":[],"_links":{"self":[{"href":"https:\/\/maiscomunidade.vc\/plataforma\/wp-json\/wp\/v2\/pages\/3933"}],"collection":[{"href":"https:\/\/maiscomunidade.vc\/plataforma\/wp-json\/wp\/v2\/pages"}],"about":[{"href":"https:\/\/maiscomunidade.vc\/plataforma\/wp-json\/wp\/v2\/types\/page"}],"author":[{"embeddable":true,"href":"https:\/\/maiscomunidade.vc\/plataforma\/wp-json\/wp\/v2\/users\/1"}],"replies":[{"embeddable":true,"href":"https:\/\/maiscomunidade.vc\/plataforma\/wp-json\/wp\/v2\/comments?post=3933"}],"version-history":[{"count":8,"href":"https:\/\/maiscomunidade.vc\/plataforma\/wp-json\/wp\/v2\/pages\/3933\/revisions"}],"predecessor-version":[{"id":3941,"href":"https:\/\/maiscomunidade.vc\/plataforma\/wp-json\/wp\/v2\/pages\/3933\/revisions\/3941"}],"wp:attachment":[{"href":"https:\/\/maiscomunidade.vc\/plataforma\/wp-json\/wp\/v2\/media?parent=3933"}],"curies":[{"name":"wp","href":"https:\/\/api.w.org\/{rel}","templated":true}]}}