{"id":342,"date":"2017-06-07T09:56:11","date_gmt":"2017-06-07T09:56:11","guid":{"rendered":"http:\/\/findme.elated-themes.com\/?page_id=342"},"modified":"2023-06-23T13:16:48","modified_gmt":"2023-06-23T16:16:48","slug":"relembre","status":"publish","type":"page","link":"https:\/\/maiscomunidade.vc\/plataforma\/relembre\/","title":{"rendered":"Relembre"},"content":{"rendered":"<p>[vc_row parallax=&#8221;content-moving&#8221; parallax_speed_bg=&#8221;&#8221; css=&#8221;.vc_custom_1638798130888{background-image: url(https:\/\/maiscomunidade.vc\/plataforma\/wp-content\/uploads\/2021\/11\/IMG_9107-1.jpg?id=3771) !important;}&#8221;][vc_column]<div class=\"eltd-elements-holder eltd-one-column eltd-responsive-mode-768\" ><div class=\"eltd-eh-item \"  data-item-class=\"eltd-eh-custom-731704\" data-1280-1600=\"8% 0 0\" data-1024-1280=\"10% 0 0\" data-768-1024=\"2% 0 0\" data-600-768=\"0 0\">\n\t<div class=\"eltd-eh-item-inner\">\n\t\t<div class=\"eltd-eh-item-content eltd-eh-custom-731704\" style=\"padding: 11% 0 0 0\">\n\t\t\t[vc_single_image image=&#8221;3901&#8243; img_size=&#8221;full&#8221; alignment=&#8221;center&#8221;]\t\t<\/div>\n\t<\/div>\n<\/div><\/div>[\/vc_column][\/vc_row][vc_row row_content_width=&#8221;grid&#8221; css=&#8221;.vc_custom_1497619998304{padding-top: 113px !important;padding-bottom: 112px !important;}&#8221;][vc_column]<div class=\"eltd-section-title-holder\" style=\"text-align: center\">\n\t\t\t<h1 class=\"eltd-st-title\" style=\"color: #2a2a2a\">\n\n            <span class=\"eltd-section-title-inner-wrapper\">\n\n                Uma jornada que conecta passado, presente e futuro\n            <\/span>\n\n\n\t\t<\/h1>\n\t\n\t\t\t<p class=\"eltd-st-text\" style=\"color: #808080;font-size: 18px\">Estamos no caminho para construir novos conhecimentos, interc\u00e2mbios e hist\u00f3rias. Ent\u00e3o, para carregar as energias, vamos relembrar um pouquinho do que j\u00e1 vivemos juntos.<\/p>\n\t\n<\/div>\n[vc_empty_space height=&#8221;50px&#8221;][vc_row_inner][vc_column_inner][vc_gallery type=&#8221;nivo&#8221; interval=&#8221;0&#8243; images=&#8221;3644,3711,3732&#8243; img_size=&#8221;full&#8221;][\/vc_column_inner][\/vc_row_inner][\/vc_column][\/vc_row][vc_row css=&#8221;.vc_custom_1637887561375{background-color: #ffffff !important;}&#8221;][vc_column][vc_single_image image=&#8221;3751&#8243; img_size=&#8221;1920&#8243; alignment=&#8221;center&#8221; css=&#8221;.vc_custom_1637886243217{background-color: #007e7a !important;}&#8221;][vc_masonry_media_grid style=&#8221;lazy&#8221; element_width=&#8221;3&#8243; initial_loading_animation=&#8221;fadeIn&#8221; grid_id=&#8221;vc_gid:1638798219340-d7aa5971-8a1f-2&#8243; include=&#8221;3748,3747,3746,3745,3744,3743,3742,3741,3740,3739,3738,3737,3736,3734,3733,3732,3731,3730,3729,3728,3727,3726,3725,3724,3723,3722,3721,3720,3719,3718,3717,3716&#8243;][vc_empty_space height=&#8221;50px&#8221;][vc_single_image image=&#8221;3752&#8243; img_size=&#8221;1920&#8243; alignment=&#8221;center&#8221; css=&#8221;.vc_custom_1637886620830{background-color: #007e7a !important;}&#8221;][vc_masonry_media_grid style=&#8221;lazy&#8221; element_width=&#8221;3&#8243; initial_loading_animation=&#8221;fadeIn&#8221; grid_id=&#8221;vc_gid:1638798219342-cffbde4c-981d-10&#8243; include=&#8221;3711,3710,3709,3708,3706,3705,3704,3703,3702,3701,3700,3699,3698,3697,3696,3695,3694,3693,3692,3691,3690,3689,3687,3686&#8243;][vc_empty_space height=&#8221;50px&#8221;][vc_single_image image=&#8221;3753&#8243; img_size=&#8221;1920&#8243; alignment=&#8221;center&#8221; css=&#8221;.vc_custom_1637886657075{background-color: #007e7a !important;}&#8221;][vc_masonry_media_grid style=&#8221;lazy&#8221; element_width=&#8221;3&#8243; initial_loading_animation=&#8221;fadeIn&#8221; grid_id=&#8221;vc_gid:1638798219342-3d23ab0b-b598-9&#8243; include=&#8221;3644,3649,3648,3628,3613,3601,3590,3583,3561,3551,3558,3552,3559,3554,3553,3534,3536,3555,3617,3623&#8243;][vc_empty_space height=&#8221;50px&#8221;][\/vc_column][\/vc_row]<\/p>\n","protected":false},"excerpt":{"rendered":"<p>[vc_row parallax=&#8221;content-moving&#8221; parallax_speed_bg=&#8221;&#8221; css=&#8221;.vc_custom_1638798130888{background-image: url(https:\/\/maiscomunidade.vc\/plataforma\/wp-content\/uploads\/2021\/11\/IMG_9107-1.jpg?id=3771) !important;}&#8221;][vc_column][\/vc_column][\/vc_row][vc_row row_content_width=&#8221;grid&#8221; css=&#8221;.vc_custom_1497619998304{padding-top: 113px !important;padding-bottom: 112px !important;}&#8221;][vc_column][vc_empty_space height=&#8221;50px&#8221;][vc_row_inner][vc_column_inner][vc_gallery type=&#8221;nivo&#8221; interval=&#8221;0&#8243; images=&#8221;3644,3711,3732&#8243; img_size=&#8221;full&#8221;][\/vc_column_inner][\/vc_row_inner][\/vc_column][\/vc_row][vc_row css=&#8221;.vc_custom_1637887561375{background-color: #ffffff !important;}&#8221;][vc_column][vc_single_image image=&#8221;3751&#8243; img_size=&#8221;1920&#8243; alignment=&#8221;center&#8221; css=&#8221;.vc_custom_1637886243217{background-color: #007e7a !important;}&#8221;][vc_masonry_media_grid style=&#8221;lazy&#8221; element_width=&#8221;3&#8243; initial_loading_animation=&#8221;fadeIn&#8221; grid_id=&#8221;vc_gid:1638798219340-d7aa5971-8a1f-2&#8243; include=&#8221;3748,3747,3746,3745,3744,3743,3742,3741,3740,3739,3738,3737,3736,3734,3733,3732,3731,3730,3729,3728,3727,3726,3725,3724,3723,3722,3721,3720,3719,3718,3717,3716&#8243;][vc_empty_space height=&#8221;50px&#8221;][vc_single_image image=&#8221;3752&#8243; img_size=&#8221;1920&#8243; alignment=&#8221;center&#8221; css=&#8221;.vc_custom_1637886620830{background-color: #007e7a !important;}&#8221;][vc_masonry_media_grid style=&#8221;lazy&#8221; element_width=&#8221;3&#8243; [&hellip;]<\/p>\n","protected":false},"author":1,"featured_media":0,"parent":0,"menu_order":0,"comment_status":"closed","ping_status":"closed","template":"full-width.php","meta":[],"_links":{"self":[{"href":"https:\/\/maiscomunidade.vc\/plataforma\/wp-json\/wp\/v2\/pages\/342"}],"collection":[{"href":"https:\/\/maiscomunidade.vc\/plataforma\/wp-json\/wp\/v2\/pages"}],"about":[{"href":"https:\/\/maiscomunidade.vc\/plataforma\/wp-json\/wp\/v2\/types\/page"}],"author":[{"embeddable":true,"href":"https:\/\/maiscomunidade.vc\/plataforma\/wp-json\/wp\/v2\/users\/1"}],"replies":[{"embeddable":true,"href":"https:\/\/maiscomunidade.vc\/plataforma\/wp-json\/wp\/v2\/comments?post=342"}],"version-history":[{"count":35,"href":"https:\/\/maiscomunidade.vc\/plataforma\/wp-json\/wp\/v2\/pages\/342\/revisions"}],"predecessor-version":[{"id":5787,"href":"https:\/\/maiscomunidade.vc\/plataforma\/wp-json\/wp\/v2\/pages\/342\/revisions\/5787"}],"wp:attachment":[{"href":"https:\/\/maiscomunidade.vc\/plataforma\/wp-json\/wp\/v2\/media?parent=342"}],"curies":[{"name":"wp","href":"https:\/\/api.w.org\/{rel}","templated":true}]}}