{"id":325,"date":"2017-06-07T09:32:13","date_gmt":"2017-06-07T09:32:13","guid":{"rendered":"http:\/\/findme.elated-themes.com\/?page_id=325"},"modified":"2022-02-01T15:34:32","modified_gmt":"2022-02-01T18:34:32","slug":"fullscreen-home","status":"publish","type":"page","link":"https:\/\/maiscomunidade.vc\/plataforma\/","title":{"rendered":"In\u00edcio"},"content":{"rendered":"<p>[vc_row full_height=&#8221;yes&#8221; css=&#8221;.vc_custom_1637851830814{background-image: url(https:\/\/maiscomunidade.vc\/plataforma\/wp-content\/uploads\/2021\/11\/Enc1-1.jpg?id=3407) !important;}&#8221;][vc_column]<div class=\"eltd-elements-holder eltd-one-column eltd-responsive-mode-768\" ><div class=\"eltd-eh-item \"  data-item-class=\"eltd-eh-custom-585548\" data-1280-1600=\"6% 0 4%\" data-1024-1280=\"3% 0 4%\" data-768-1024=\"0 0 6% 0\">\n\t<div class=\"eltd-eh-item-inner\">\n\t\t<div class=\"eltd-eh-item-content eltd-eh-custom-585548\" >\n\t\t\t[rev_slider_vc alias=&#8221;fullscreen-home&#8221;]\t\t<\/div>\n\t<\/div>\n<\/div><\/div>[vc_row_inner css=&#8221;.vc_custom_1499339385121{margin-top: -8.5% !important;}&#8221;][vc_column_inner]<div class=\"eltd-elements-holder eltd-one-column eltd-responsive-mode-768\" ><div class=\"eltd-eh-item eltd-horizontal-alignment-center\"  data-item-class=\"eltd-eh-custom-632536\" data-1280-1600=\"0% 22% 5%\" data-1024-1280=\"0% 22.5% 2%\" data-768-1024=\"2% 16% 3%\" data-600-768=\"1% 4% 7%\" data-480-600=\"0 5% 30%\" data-480=\"0 5% 30%\">\n\t<div class=\"eltd-eh-item-inner\">\n\t\t<div class=\"eltd-eh-item-content eltd-eh-custom-632536\" style=\"padding: 50px 29% 0\">\n\t\t\t\n<div class=\"eltd-ls-main-search-wrapper eltd-type-one eltd-light-skin\">\n\n    \t<div class=\"eltd-ls-search-top-cats clearfix eltd-ls-normal-space eltd-column-6\">\n        <div class=\"eltd-ls-bckg-img-holder\"><\/div>\n        <div class=\"eltd-ls-inner clearfix\">\n            \n                <div class=\"eltd-ls-search-top-cat\">\n                    <a href=\"https:\/\/maiscomunidade.vc\/plataforma\/tipo-de-projeto\/educacao\/\" >\n\t\t\t\t        <img src=\"https:\/\/maiscomunidade.vc\/plataforma\/wp-content\/uploads\/2021\/11\/educacao-2.png\" alt=\"Type Icon\">                        <span class=\"eltd-ls-search-top-cat-name\">\n                            Educa\u00e7\u00e3o                        <\/span>\n                    <\/a>\n                <\/div>\n\n\t        \n                <div class=\"eltd-ls-search-top-cat\">\n                    <a href=\"https:\/\/maiscomunidade.vc\/plataforma\/tipo-de-projeto\/social\/\" >\n\t\t\t\t        <img src=\"https:\/\/maiscomunidade.vc\/plataforma\/wp-content\/uploads\/2021\/11\/social.png\" alt=\"Type Icon\">                        <span class=\"eltd-ls-search-top-cat-name\">\n                            Social                        <\/span>\n                    <\/a>\n                <\/div>\n\n\t        \n                <div class=\"eltd-ls-search-top-cat\">\n                    <a href=\"https:\/\/maiscomunidade.vc\/plataforma\/tipo-de-projeto\/juventude\/\" >\n\t\t\t\t        <img src=\"https:\/\/maiscomunidade.vc\/plataforma\/wp-content\/uploads\/2021\/11\/juventude.png\" alt=\"Type Icon\">                        <span class=\"eltd-ls-search-top-cat-name\">\n                            Juventude                        <\/span>\n                    <\/a>\n                <\/div>\n\n\t        \n                <div class=\"eltd-ls-search-top-cat\">\n                    <a href=\"https:\/\/maiscomunidade.vc\/plataforma\/tipo-de-projeto\/infra\/\" >\n\t\t\t\t        <img src=\"https:\/\/maiscomunidade.vc\/plataforma\/wp-content\/uploads\/2021\/11\/infra.png\" alt=\"Type Icon\">                        <span class=\"eltd-ls-search-top-cat-name\">\n                            Infra                        <\/span>\n                    <\/a>\n                <\/div>\n\n\t        \n                <div class=\"eltd-ls-search-top-cat\">\n                    <a href=\"https:\/\/maiscomunidade.vc\/plataforma\/tipo-de-projeto\/meio-ambiente\/\" >\n\t\t\t\t        <img src=\"https:\/\/maiscomunidade.vc\/plataforma\/wp-content\/uploads\/2021\/11\/meio-ambiente.png\" alt=\"Type Icon\">                        <span class=\"eltd-ls-search-top-cat-name\">\n                            Meio Ambiente                        <\/span>\n                    <\/a>\n                <\/div>\n\n\t        \n                <div class=\"eltd-ls-search-top-cat\">\n                    <a href=\"https:\/\/maiscomunidade.vc\/plataforma\/tipo-de-projeto\/esporte\/\" >\n\t\t\t\t        <img src=\"https:\/\/maiscomunidade.vc\/plataforma\/wp-content\/uploads\/2021\/11\/esportes.png\" alt=\"Type Icon\">                        <span class=\"eltd-ls-search-top-cat-name\">\n                            Esporte                        <\/span>\n                    <\/a>\n                <\/div>\n\n\t                <\/div>\n\t<\/div>\n\n\n<form method=\"get\" action=\"https:\/\/maiscomunidade.vc\/plataforma\/job-listing\/\">\n\t<div class=\"eltd-ls-main-search-holder clearfix eltd-light-skineltd-type-one\">\n\n\t\t<div class=\"eltd-ls-main-search-holder-part type1\">\n\n\t\t\t<div class=\"eltd-ls-input-icon\">\n\t\t\t\t<div class=\"eltd-ls-search-icon\">\n\t\t\t\t\t<span aria-hidden=\"true\" class=\"eltd-icon-font-elegant icon_search \" ><\/span>\t\t\t\t<\/div>\n\t\t\t\t<input type=\"text\" class=\"eltd-ls-main-search-keyword\" name=\"eltd-ls-main-search-keyword\" placeholder=\"Procure por temas\">\n\t\t\t<\/div>\n\n\t\t\t<div class=\"eltd-ls-main-search-holder-button\">\n\n\t\t\t\t<button type=\"submit\" style=\"background-color: #e37222;border-color: #e37222;font-size: 18px\" class=\"eltd-btn eltd-btn-large eltd-btn-solid eltd-btn-custom-hover-bg eltd-btn-custom-border-hover eltd-btn-custom-hover-color eltd-btn-icon\" data-hover-color=\"#fff\" data-hover-bg-color=\"transparent\" data-hover-border-color=\"#fff\" >    <span class=\"eltd-btn-text\"  >        Buscar projetos    <\/span>            <span class=\"eltd-btn-icon-html\"  >            <span aria-hidden=\"true\" class=\"eltd-icon-font-elegant arrow_carrot-right \" ><\/span>        <\/span>    <\/button>\n\t\t\t<\/div>\n\n\t\t<\/div>\n\t<\/div>\n<\/form>\n<\/div>\t\t<\/div>\n\t<\/div>\n<\/div><\/div>[\/vc_column_inner][\/vc_row_inner][\/vc_column][\/vc_row][vc_row css=&#8221;.vc_custom_1637944715789{padding-top: 92px !important;padding-bottom: 98px !important;background-color: #007e7a !important;}&#8221;][vc_column width=&#8221;1\/2&#8243;][vc_custom_heading text=&#8221;Na Jornada de Lideran\u00e7as Mais Comunidade, voc\u00ea, lideran\u00e7a comunit\u00e1ria, \u00e9 protagonista e colaborador ativo na constru\u00e7\u00e3o de conhecimento.&#8221; font_container=&#8221;tag:h2|text_align:left|color:%23ffffff|line_height:56px&#8221; use_theme_fonts=&#8221;yes&#8221; css=&#8221;.vc_custom_1638450699021{margin-right: 30px !important;margin-left: 10px !important;border-right-width: 30px !important;border-left-width: 10px !important;padding-right: 30px !important;padding-left: 50px !important;}&#8221;][\/vc_column][vc_column width=&#8221;1\/2&#8243;][vc_column_text css=&#8221;.vc_custom_1638450634095{margin-right: 30px !important;margin-left: 10px !important;border-right-width: 30px !important;border-left-width: 10px !important;padding-top: 25px !important;padding-right: 30px !important;padding-left: 50px !important;}&#8221;]<\/p>\n<div class=\"wpb_text_column wpb_content_element \">\n<div class=\"wpb_wrapper\">\n<div class=\"page\" title=\"Page 1\">\n<div class=\"section\">\n<div class=\"layoutArea\">\n<div class=\"column\">\n<p><span style=\"color: #ffffff;\">A proposta \u00e9 que a nossa plataforma seja um espa\u00e7o virtual vivo e rico de experi\u00eancias e muito aprendizado. E isso s\u00f3 \u00e9 poss\u00edvel com a sua participa\u00e7\u00e3o e colabora\u00e7\u00e3o. <\/span><\/p>\n<p><span style=\"color: #ffffff;\">Acesse o link abaixo e cadastre-se para ser parte deste espa\u00e7o e construir com a gente nossos encontros formativos. <\/span><\/p>\n<p><span style=\"color: #ffffff;\">Vamos compartilhar nossas viv\u00eancias, conhecimento, se conectar com outras pessoas e territ\u00f3rios e, assim, potencializar nossa atua\u00e7\u00e3o na comunidade.\u00a0 <\/span><\/p>\n<p><span style=\"color: #ffffff;\">Bora? Embarca com a gente nessa Jornada?<\/span><\/p>\n<\/div>\n<\/div>\n<\/div>\n<\/div>\n<\/div>\n<\/div>\n<div class=\"wpb_text_column wpb_content_element \">\n<div class=\"wpb_wrapper\">\n<p>&nbsp;<\/p>\n<\/div>\n<\/div>\n<p>[\/vc_column_text][\/vc_column][\/vc_row][vc_row][vc_column]<div class=\"eltd-elements-holder eltd-one-column eltd-responsive-mode-768\" ><div class=\"eltd-eh-item \"  data-item-class=\"eltd-eh-custom-521879\" data-1024-1280=\"6% 7.5% 0 7.5%\" data-768-1024=\"7.5% 9.2% 0 9.2%\" data-600-768=\"8.6% 11% 0 11%\" data-480-600=\"35% 5% 0 5%\" data-480=\"35% 5% 0 5%\">\n\t<div class=\"eltd-eh-item-inner\">\n\t\t<div class=\"eltd-eh-item-content eltd-eh-custom-521879\" style=\"padding: 6% 6.7% 0 6.7%\">\n\t\t\t\n<div class=\"eltd-ls-gallery-normal-space eltd-ls-categories-holder eltd-ls-category-gallery clearfix eltd-ls-gallery-four-columns\">\n\t<div class=\"eltd-ls-gallery-inner clearfix\">\n\t\t<div class=\"eltd-ls-gallery-sizer\"><\/div>\n\t\t<article class=\"eltd-ls-item eltd-ls-gallery-item eltd-ls-gallery-standard eltd-ls-gallery-rec-portrait \" >\n\n    <div class=\"eltd-ls-item-inner\">\n\n        \t        <a href=\"https:\/\/maiscomunidade.vc\/plataforma\/tipo-de-projeto\/infra\/\" class=\"eltd-ls-gallery-item-overlay\"><\/a>\n        \n        <div class=\"eltd-ls-gallery-item-wrapper\">\n\n            <div class=\"eltd-ls-cat-icon eltd-custom-icon\"><img src=\"https:\/\/maiscomunidade.vc\/plataforma\/wp-content\/uploads\/2021\/11\/infamini.png\" alt=\"Category Custom Icon\"\/><\/div>\n            <div class=\"eltd-ls-gallery-item-text\">\n\n                <h3 class=\"eltd-gallery-item-title\">\n                    Infraestrutura                <\/h3>\n\n                \n                    <div class=\"eltd-ls-gallery-item-desc\">\n                        <p>Conhe\u00e7a alguns projetos de infraestrutura<\/p>\n                    <\/div>\n\n                \n            <\/div>\n\n        <\/div>\n        <div class=\"eltd-ls-item-bgrnd\" style=\"background-image: url(https:\/\/maiscomunidade.vc\/plataforma\/wp-content\/uploads\/2021\/11\/destaqueinfra.jpg)\"><\/div>\n\t   \n    <\/div>\n\n<\/article><article class=\"eltd-ls-item eltd-ls-gallery-item eltd-ls-gallery-standard eltd-ls-gallery-square-small \" >\n\n    <div class=\"eltd-ls-item-inner\">\n\n        \t        <a href=\"https:\/\/maiscomunidade.vc\/plataforma\/tipo-de-projeto\/educacao\/\" class=\"eltd-ls-gallery-item-overlay\"><\/a>\n        \n        <div class=\"eltd-ls-gallery-item-wrapper\">\n\n            <div class=\"eltd-ls-cat-icon eltd-custom-icon\"><img src=\"https:\/\/maiscomunidade.vc\/plataforma\/wp-content\/uploads\/2021\/11\/educamini.png\" alt=\"Category Custom Icon\"\/><\/div>\n            <div class=\"eltd-ls-gallery-item-text\">\n\n                <h3 class=\"eltd-gallery-item-title\">\n                    Educa\u00e7\u00e3o                <\/h3>\n\n                \n                    <div class=\"eltd-ls-gallery-item-desc\">\n                        <p>Veja alguns projetos voltados para a educa\u00e7\u00e3o<\/p>\n                    <\/div>\n\n                \n            <\/div>\n\n        <\/div>\n        <div class=\"eltd-ls-item-bgrnd\" style=\"background-image: url(https:\/\/maiscomunidade.vc\/plataforma\/wp-content\/uploads\/2021\/11\/educacao.jpg)\"><\/div>\n\t   \n    <\/div>\n\n<\/article><article class=\"eltd-ls-item eltd-ls-gallery-item eltd-ls-gallery-simple eltd-ls-gallery-rec-landscape \" >\n\n    <div class=\"eltd-ls-item-inner\" >\n\t\n        <div class=\"eltd-ls-gallery-item-text\">\n\n            <h2 class=\"eltd-gallery-item-title\" style=\"font-size: 40px\">\n                <a href=\"https:\/\/maiscomunidade.vc\/plataforma\/tipo-de-projeto\/conhece-projetos\/\">\n\t                Banco de Inspira\u00e7\u00f5es                <\/a>\n            <\/h2>\n\n                            <div class=\"eltd-ls-gallery-item-desc\">\n                    <p>Aqui \u00e9 um espa\u00e7o de iniciativas para voc\u00ea se inspirar ou compartilhar a\u00e7\u00f5es sociais. Afinal, boas ideias podem ser replicadas e fazer a diferen\u00e7a na vida de mais pessoas e comunidades. \u00c9 s\u00f3 clicar em qualquer um para saber mais.<\/p>\n                <\/div>\n            \n        <\/div>\n\t\n    <\/div>\n\n<\/article><article class=\"eltd-ls-item eltd-ls-gallery-item eltd-ls-gallery-standard eltd-ls-gallery-rec-landscape \" >\n\n    <div class=\"eltd-ls-item-inner\">\n\n        \t        <a href=\"https:\/\/maiscomunidade.vc\/plataforma\/tipo-de-projeto\/esporte\/\" class=\"eltd-ls-gallery-item-overlay\"><\/a>\n        \n        <div class=\"eltd-ls-gallery-item-wrapper\">\n\n            <div class=\"eltd-ls-cat-icon eltd-custom-icon\"><img src=\"https:\/\/maiscomunidade.vc\/plataforma\/wp-content\/uploads\/2021\/11\/esportemini.png\" alt=\"Category Custom Icon\"\/><\/div>\n            <div class=\"eltd-ls-gallery-item-text\">\n\n                <h3 class=\"eltd-gallery-item-title\">\n                    Esporte                <\/h3>\n\n                \n                    <div class=\"eltd-ls-gallery-item-desc\">\n                        <p>Veja alguns projetos voltados para o esporte<\/p>\n                    <\/div>\n\n                \n            <\/div>\n\n        <\/div>\n        <div class=\"eltd-ls-item-bgrnd\" style=\"background-image: url(https:\/\/maiscomunidade.vc\/plataforma\/wp-content\/uploads\/2021\/11\/esporte-1.jpg)\"><\/div>\n\t   \n    <\/div>\n\n<\/article><article class=\"eltd-ls-item eltd-ls-gallery-item eltd-ls-gallery-standard eltd-ls-gallery-square-small \" >\n\n    <div class=\"eltd-ls-item-inner\">\n\n        \t        <a href=\"https:\/\/maiscomunidade.vc\/plataforma\/tipo-de-projeto\/juventude\/\" class=\"eltd-ls-gallery-item-overlay\"><\/a>\n        \n        <div class=\"eltd-ls-gallery-item-wrapper\">\n\n            <div class=\"eltd-ls-cat-icon eltd-custom-icon\"><img src=\"https:\/\/maiscomunidade.vc\/plataforma\/wp-content\/uploads\/2021\/11\/juventudemini.png\" alt=\"Category Custom Icon\"\/><\/div>\n            <div class=\"eltd-ls-gallery-item-text\">\n\n                <h3 class=\"eltd-gallery-item-title\">\n                    Juventude                <\/h3>\n\n                \n                    <div class=\"eltd-ls-gallery-item-desc\">\n                        <p>Veja alguns projetos voltados para a juventude!<\/p>\n                    <\/div>\n\n                \n            <\/div>\n\n        <\/div>\n        <div class=\"eltd-ls-item-bgrnd\" style=\"background-image: url(https:\/\/maiscomunidade.vc\/plataforma\/wp-content\/uploads\/2021\/11\/juventude.jpg)\"><\/div>\n\t   \n    <\/div>\n\n<\/article>\t<\/div>\n\t<\/div>[vc_empty_space height=&#8221;150px&#8221;]\t\t<\/div>\n\t<\/div>\n<\/div><\/div>[\/vc_column][\/vc_row][vc_row content_placement=&#8221;middle&#8221;][vc_column]<div class=\"eltd-parallax-holder eltd-vertical-middle-align eltd-disabled-parallax-on-touch\" data-parallax-speed=\"1\" style=\"background-image: url(https:\/\/maiscomunidade.vc\/plataforma\/wp-content\/uploads\/2021\/11\/fotoca2.jpg);min-height: 400px;height: 400px\">\n\t<div class=\"eltd-parallax-inner\">\n\t\t[vc_row_inner][vc_column_inner width=&#8221;1\/2&#8243; offset=&#8221;vc_col-lg-8 vc_col-md-8&#8243;][\/vc_column_inner][vc_column_inner width=&#8221;1\/2&#8243; offset=&#8221;vc_col-lg-4 vc_col-md-4&#8243;][vc_single_image image=&#8221;3397&#8243; img_size=&#8221;full&#8221; alignment=&#8221;right&#8221; onclick=&#8221;custom_link&#8221; link=&#8221;https:\/\/maiscomunidade.vc\/plataforma\/?page_id=2757&#8243;][\/vc_column_inner][\/vc_row_inner]\t<\/div>\n<\/div>\n[\/vc_column][\/vc_row][vc_row row_content_width=&#8221;grid&#8221; content_text_aligment=&#8221;center&#8221; css=&#8221;.vc_custom_1497618320147{padding-top: 113px !important;padding-bottom: 130px !important;}&#8221;][vc_column]<div class=\"eltd-section-title-holder\" >\n\t\t\t<h1 class=\"eltd-st-title\" style=\"color: #2a2a2a\">\n\n            <span class=\"eltd-section-title-inner-wrapper\">\n\n                Voc\u00ea pode ajudar a construir a Jornada de Lideran\u00e7as!\n            <\/span>\n\n\n\t\t<\/h1>\n\t\n\t\t\t<p class=\"eltd-st-text\" style=\"color: #808080;font-size: 18px;font-weight: 300\">Queremos que a Jornada de Lideran\u00e7as tenha a sua cara! E pra isso acontecer, precisamos que voc\u00ea nos diga o que tem vontade de aprender, de que forma e quais s\u00e3o suas expectativas para essa viagem repleta de aprendizados relacionados \u00e0 atua\u00e7\u00e3o comunit\u00e1ria. Ent\u00e3o clique nos links abaixo e vamos construir juntos os nossos pr\u00f3ximos encontros!<\/p>\n\t\n<\/div>\n[vc_empty_space height=&#8221;67px&#8221;]\n<div class=\"eltd-processes-holder clearfix eltd-three-columns eltd-process-dark-skin\">\n\t\n<div class=\"eltd-process\" >\n\n    <div class=\"eltd-process-wrapper\" >\n\n                    <a class=\"eltd-process-link\" href=\"https:\/\/maiscomunidade.vc\/plataforma\/?page_id=2757\" target=\"_blank\"><\/a>\n\n        \n        <div class=\"eltd-process-content-wrapper\" >\n\n            <div class=\"eltd-process-content-holder\" >\n\n                <div class=\"eltd-process-content-holder-inner\">\n\n                                                <img width=\"105\" height=\"88\" src=\"https:\/\/maiscomunidade.vc\/plataforma\/wp-content\/uploads\/2021\/11\/cadastre.png\" class=\"attachment-full size-full\" alt=\"\" loading=\"lazy\" \/>                        \n                    \n                <\/div>\n            <\/div>\n        <\/div>\n\n        <div class=\"eltd-process-text-holder\">\n            \n                <div class=\"eltd-process-number\">\n                    1                <\/div>\n\n                        <h3 class=\"eltd-process-title\">\n                Cadastre-se            <\/h3>\n            <p class=\"eltd-process-text\">\n                Cadastre-se! \u00c9 por aqui que voc\u00ea come\u00e7a a contar pra gente todas as coisas que j\u00e1 fez pela sua comunidade. Que tal compartilhar com os seus companheiros de viagem? Afinal, hist\u00f3rias e ideias podem nos inspirar bastante!            <\/p>\n        <\/div>\n    <\/div>\n\n<\/div>\n<div class=\"eltd-process\" >\n\n    <div class=\"eltd-process-wrapper\" >\n\n                    <a class=\"eltd-process-link\" href=\"https:\/\/atitudeinicial.typeform.com\/to\/ovUzs2HD\" target=\"_blank\"><\/a>\n\n        \n        <div class=\"eltd-process-content-wrapper\" >\n\n            <div class=\"eltd-process-content-holder\" >\n\n                <div class=\"eltd-process-content-holder-inner\">\n\n                                                <img width=\"105\" height=\"88\" src=\"https:\/\/maiscomunidade.vc\/plataforma\/wp-content\/uploads\/2021\/11\/expectativas.png\" class=\"attachment-full size-full\" alt=\"\" loading=\"lazy\" \/>                        \n                    \n                <\/div>\n            <\/div>\n        <\/div>\n\n        <div class=\"eltd-process-text-holder\">\n            \n                <div class=\"eltd-process-number\">\n                    2                <\/div>\n\n                        <h3 class=\"eltd-process-title\">\n                Conte suas expectativas            <\/h3>\n            <p class=\"eltd-process-text\">\n                Aqui voc\u00ea diz para n\u00f3s tudo o que quer ver nos nossos encontros da Jornada de Lideran\u00e7as!            <\/p>\n        <\/div>\n    <\/div>\n\n<\/div>\n<div class=\"eltd-process\" >\n\n    <div class=\"eltd-process-wrapper\" >\n\n                    <a class=\"eltd-process-link\" href=\"https:\/\/atitudeinicial.typeform.com\/to\/IZHtDmKa\" target=\"_blank\"><\/a>\n\n        \n        <div class=\"eltd-process-content-wrapper\" >\n\n            <div class=\"eltd-process-content-holder\" >\n\n                <div class=\"eltd-process-content-holder-inner\">\n\n                                                <img width=\"105\" height=\"88\" src=\"https:\/\/maiscomunidade.vc\/plataforma\/wp-content\/uploads\/2021\/11\/desafios.png\" class=\"attachment-full size-full\" alt=\"\" loading=\"lazy\" \/>                        \n                    \n                <\/div>\n            <\/div>\n        <\/div>\n\n        <div class=\"eltd-process-text-holder\">\n            \n                <div class=\"eltd-process-number\">\n                    3                <\/div>\n\n                        <h3 class=\"eltd-process-title\">\n                Conte os desafios            <\/h3>\n            <p class=\"eltd-process-text\">\n                Sabemos que todos os lugares t\u00eam desafios e podem melhorar. E o primeiro passo para desenvolver nossa comunidade \u00e9 identificar esses desafios. Ent\u00e3o, queremos saber de voc\u00ea: quais s\u00e3o os maiores desafios que existem no local onde voc\u00ea mora?            <\/p>\n        <\/div>\n    <\/div>\n\n<\/div><\/div>[\/vc_column][\/vc_row][vc_row gap=&#8221;10&#8243; content_placement=&#8221;top&#8221; content_text_aligment=&#8221;left&#8221; css=&#8221;.vc_custom_1643658141795{background-color: #da5d1b !important;}&#8221;][vc_column width=&#8221;1\/3&#8243;][vc_custom_heading text=&#8221;E a\u00ed, ainda ficou com alguma d\u00favida?&#8221; font_container=&#8221;tag:h2|text_align:left|color:%23ffffff|line_height:56px&#8221; use_theme_fonts=&#8221;yes&#8221; css=&#8221;.vc_custom_1643658926554{margin-right: 30px !important;margin-left: 10px !important;border-right-width: 30px !important;border-left-width: 10px !important;padding-right: 30px !important;padding-left: 50px !important;}&#8221;][\/vc_column][vc_column width=&#8221;2\/3&#8243;][vc_empty_space height=&#8221;30px&#8221;][vc_tta_accordion shape=&#8221;square&#8221; gap=&#8221;2&#8243; active_section=&#8221;100&#8243; collapsible_all=&#8221;true&#8221; css=&#8221;.vc_custom_1643660329360{margin-right: 30px !important;margin-left: 30px !important;}&#8221;][vc_tta_section title=&#8221;N\u00e3o consigo me cadastrar. O que fazer?&#8221; tab_id=&#8221;1643657188631-2706e0cb-6d40&#8243;][vc_column_text]Caso voc\u00ea n\u00e3o esteja conseguindo concluir a sua inscri\u00e7\u00e3o, atualize a p\u00e1gina e tente novamente. Voc\u00ea pode realizar o cadastro na plataforma tanto pelo celular quanto pelo computador. No celular, basta rolar a p\u00e1gina at\u00e9 a op\u00e7\u00e3o <a href=\"https:\/\/maiscomunidade.vc\/plataforma\/user-dashboard\/\"><strong>Cadastre-se<\/strong><\/a>. J\u00e1 no computador, \u00e9 s\u00f3 clicar no \u00edcone no canto superior direito da tela.\u00a0 Observe que existem duas abas: uma para quem j\u00e1 tem registro e uma para quem ainda precisa se registrar. Selecione a op\u00e7\u00e3o de primeiro acesso![\/vc_column_text][\/vc_tta_section][vc_tta_section title=&#8221;Como cadastro minha foto no perfil?&#8221; tab_id=&#8221;1643657188648-560ce85a-6802&#8243;][vc_column_text]Estamos trabalhando nessa funcionalidade. Para que sua foto apare\u00e7a em seu perfil, por hora envie a imagem para nosso WhatsApp! \u00c9 s\u00f3 <strong><a href=\"https:\/\/wa.me\/5528999508156\">clicar aqui<\/a><\/strong> e fazer o envio![\/vc_column_text][\/vc_tta_section][vc_tta_section title=&#8221;Perdi a live de lan\u00e7amento. Ainda posso assistir?&#8221; tab_id=&#8221;1643658569471-54e0c527-780c&#8221;][vc_column_text]Para rever o Lan\u00e7amento da Jornada de Lideran\u00e7as +Comunidade, \u00e9 s\u00f3 <a href=\"https:\/\/maiscomunidade.vc\/plataforma\/relembre\/\"><strong>clicar aqui<\/strong><\/a>![\/vc_column_text][\/vc_tta_section][vc_tta_section title=&#8221;Fiz um projeto em minha comunidade. Onde vou para cadastr\u00e1-lo?&#8221; tab_id=&#8221;1643658570515-6c44d7b9-98e8&#8243;][vc_column_text]Para adicionar um projeto, \u00e9 muito simples!<\/p>\n<ol>\n<li>Fa\u00e7a seu cadastro na plataforma.<\/li>\n<li>Clique <a href=\"https:\/\/maiscomunidade.vc\/plataforma\/?page_id=2757&amp;user-action=add-new-listing\"><strong>aqui<\/strong> <\/a>ou procure a op\u00e7\u00e3o\u00a0<a href=\"https:\/\/maiscomunidade.vc\/plataforma\/?page_id=2757&amp;user-action=add-new-listing\"><strong>Adicionar Projeto +<\/strong><\/a><\/li>\n<li>Preencha as informa\u00e7\u00f5es do projeto que voc\u00ea desenvolveu<\/li>\n<li>Clique em <strong>Salvar Altera\u00e7\u00f5es<\/strong><\/li>\n<\/ol>\n<p>Prontinho! Agora \u00e9 s\u00f3 aguardar a valida\u00e7\u00e3o e seu projeto aparecer\u00e1 por aqui![\/vc_column_text][\/vc_tta_section][vc_tta_section title=&#8221;O projeto comunit\u00e1rio que participo ainda est\u00e1 em execu\u00e7\u00e3o. Posso cadastr\u00e1-lo mesmo assim?&#8221; tab_id=&#8221;1643740271601-a68519e4-71e1&#8243;][vc_column_text]<span style=\"font-weight: 400;\">Se o seu projeto ainda est\u00e1 em andamento, mas j\u00e1 possui alguns resultados, voc\u00ea pode sim cadastr\u00e1-lo e compartilh\u00e1-lo com outros l\u00edderes comunit\u00e1rios. Quanto mais projetos cadastrados, mais ampla ser\u00e1 a fonte de inspira\u00e7\u00e3o para outras lideran\u00e7as!<\/span>[\/vc_column_text][\/vc_tta_section][\/vc_tta_accordion][\/vc_column][\/vc_row][vc_row][vc_column][\/vc_column][\/vc_row]<\/p>\n","protected":false},"excerpt":{"rendered":"<p>[vc_row full_height=&#8221;yes&#8221; css=&#8221;.vc_custom_1637851830814{background-image: url(https:\/\/maiscomunidade.vc\/plataforma\/wp-content\/uploads\/2021\/11\/Enc1-1.jpg?id=3407) !important;}&#8221;][vc_column][vc_row_inner css=&#8221;.vc_custom_1499339385121{margin-top: -8.5% !important;}&#8221;][vc_column_inner][\/vc_column_inner][\/vc_row_inner][\/vc_column][\/vc_row][vc_row css=&#8221;.vc_custom_1637944715789{padding-top: 92px !important;padding-bottom: 98px !important;background-color: #007e7a !important;}&#8221;][vc_column width=&#8221;1\/2&#8243;][vc_custom_heading text=&#8221;Na Jornada de Lideran\u00e7as Mais Comunidade, voc\u00ea, lideran\u00e7a comunit\u00e1ria, \u00e9 protagonista e colaborador ativo na constru\u00e7\u00e3o de conhecimento.&#8221; font_container=&#8221;tag:h2|text_align:left|color:%23ffffff|line_height:56px&#8221; use_theme_fonts=&#8221;yes&#8221; css=&#8221;.vc_custom_1638450699021{margin-right: 30px !important;margin-left: 10px [&hellip;]<\/p>\n","protected":false},"author":1,"featured_media":0,"parent":0,"menu_order":0,"comment_status":"closed","ping_status":"closed","template":"full-width.php","meta":[],"_links":{"self":[{"href":"https:\/\/maiscomunidade.vc\/plataforma\/wp-json\/wp\/v2\/pages\/325"}],"collection":[{"href":"https:\/\/maiscomunidade.vc\/plataforma\/wp-json\/wp\/v2\/pages"}],"about":[{"href":"https:\/\/maiscomunidade.vc\/plataforma\/wp-json\/wp\/v2\/types\/page"}],"author":[{"embeddable":true,"href":"https:\/\/maiscomunidade.vc\/plataforma\/wp-json\/wp\/v2\/users\/1"}],"replies":[{"embeddable":true,"href":"https:\/\/maiscomunidade.vc\/plataforma\/wp-json\/wp\/v2\/comments?post=325"}],"version-history":[{"count":50,"href":"https:\/\/maiscomunidade.vc\/plataforma\/wp-json\/wp\/v2\/pages\/325\/revisions"}],"predecessor-version":[{"id":4011,"href":"https:\/\/maiscomunidade.vc\/plataforma\/wp-json\/wp\/v2\/pages\/325\/revisions\/4011"}],"wp:attachment":[{"href":"https:\/\/maiscomunidade.vc\/plataforma\/wp-json\/wp\/v2\/media?parent=325"}],"curies":[{"name":"wp","href":"https:\/\/api.w.org\/{rel}","templated":true}]}}